{"id":3431,"date":"2015-08-07T11:27:39","date_gmt":"2015-08-07T09:27:39","guid":{"rendered":"http:\/\/dr-smith.de\/inhalt\/?page_id=3431"},"modified":"2018-07-02T10:58:16","modified_gmt":"2018-07-02T08:58:16","slug":"galerie","status":"publish","type":"page","link":"https:\/\/dr-smith.de\/inhalt\/galerie\/","title":{"rendered":"Galerie"},"content":{"rendered":"\n<style type=\"text\/css\" data-created_by=\"avia_inline_auto\" id=\"style-css-av-ak2rt3-3cdeb912264c46eb4856e41ed161a721\">\n.avia-section.av-ak2rt3-3cdeb912264c46eb4856e41ed161a721{\nbackground-repeat:no-repeat;\nbackground-image:url(https:\/\/dr-smith.de\/inhalt\/wp-content\/uploads\/2015\/05\/Empfang-Hautarzt-Muenchen.jpg);\nbackground-position:50% 0%;\nbackground-attachment:scroll;\n}\n<\/style>\n<div id='av_section_1'  class='avia-section av-ak2rt3-3cdeb912264c46eb4856e41ed161a721 main_color avia-section-large avia-no-shadow  avia-builder-el-0  el_before_av_section  avia-builder-el-first  avia-bg-style-scroll container_wrap sidebar_right'  data-section-bg-repeat='no-repeat'><div class='container av-section-cont-open' ><main  role=\"main\" itemprop=\"mainContentOfPage\"  class='template-page content  av-content-small alpha units'><div class='post-entry post-entry-type-page post-entry-3431'><div class='entry-content-wrapper clearfix'>\n\n<style type=\"text\/css\" data-created_by=\"avia_inline_auto\" id=\"style-css-av-jj415kul-07836c70351a0f8360ebc0c182dd4ab4\">\n#top .av-special-heading.av-jj415kul-07836c70351a0f8360ebc0c182dd4ab4{\npadding-bottom:0;\ncolor:#ffffff;\nfont-size:50px;\n}\nbody .av-special-heading.av-jj415kul-07836c70351a0f8360ebc0c182dd4ab4 .av-special-heading-tag .heading-char{\nfont-size:25px;\n}\n#top #wrap_all .av-special-heading.av-jj415kul-07836c70351a0f8360ebc0c182dd4ab4 .av-special-heading-tag{\nfont-size:50px;\n}\n.av-special-heading.av-jj415kul-07836c70351a0f8360ebc0c182dd4ab4 .special-heading-inner-border{\nborder-color:#ffffff;\n}\n.av-special-heading.av-jj415kul-07836c70351a0f8360ebc0c182dd4ab4 .av-subheading{\nfont-size:15px;\n}\n\n@media only screen and (min-width: 480px) and (max-width: 767px){ \n#top #wrap_all .av-special-heading.av-jj415kul-07836c70351a0f8360ebc0c182dd4ab4 .av-special-heading-tag{\nfont-size:0.8em;\n}\n}\n\n@media only screen and (max-width: 479px){ \n#top #wrap_all .av-special-heading.av-jj415kul-07836c70351a0f8360ebc0c182dd4ab4 .av-special-heading-tag{\nfont-size:0.8em;\n}\n}\n<\/style>\n<div  class='av-special-heading av-jj415kul-07836c70351a0f8360ebc0c182dd4ab4 av-special-heading-h1 custom-color-heading blockquote modern-quote modern-centered  avia-builder-el-1  el_before_av_hr  avia-builder-el-first  av-inherit-size'><h1 class='av-special-heading-tag '  itemprop=\"headline\"  >Hautarzt Praxis in Schwabing<\/h1><div class='av_custom_color av-subheading av-subheading_below'><p>Galerie \u2013 werfen Sie einen Blick in unsere Praxisr\u00e4ume<\/p>\n<\/div><div class=\"special-heading-border\"><div class=\"special-heading-inner-border\"><\/div><\/div><\/div>\n\n<style type=\"text\/css\" data-created_by=\"avia_inline_auto\" id=\"style-css-av-7x87fb-8e32a13d9b1c67984c4e1a9dc2870993\">\n#top .hr.av-7x87fb-8e32a13d9b1c67984c4e1a9dc2870993{\nmargin-top:30px;\nmargin-bottom:30px;\n}\n.hr.av-7x87fb-8e32a13d9b1c67984c4e1a9dc2870993 .hr-inner{\nwidth:20%;\nborder-color:#ffffff;\nmax-width:45%;\n}\n.hr.av-7x87fb-8e32a13d9b1c67984c4e1a9dc2870993 .av-seperator-icon{\ncolor:#ffffff;\n}\n.hr.av-7x87fb-8e32a13d9b1c67984c4e1a9dc2870993 .av-seperator-icon.avia-svg-icon svg:first-child{\nfill:#ffffff;\nstroke:#ffffff;\n}\n<\/style>\n<div  class='hr av-7x87fb-8e32a13d9b1c67984c4e1a9dc2870993 hr-custom  avia-builder-el-2  el_after_av_heading  avia-builder-el-last  hr-center hr-icon-yes'><span class='hr-inner inner-border-av-border-thin'><span class=\"hr-inner-style\"><\/span><\/span><span class='av-seperator-icon avia-iconfont avia-font-entypo-fontello' data-av_icon='\ue8bf' data-av_iconfont='entypo-fontello' ><\/span><span class='hr-inner inner-border-av-border-thin'><span class=\"hr-inner-style\"><\/span><\/span><\/div>\n\n<\/div><\/div><\/main><!-- close content main element --><\/div><\/div>\n<style type=\"text\/css\" data-created_by=\"avia_inline_auto\" id=\"style-css-av-58qwuf-e4344372baeb63e2f99e6cb2d28da59e\">\n.avia-section.av-58qwuf-e4344372baeb63e2f99e6cb2d28da59e{\nbackground-color:#ffffff;\nbackground-image:unset;\n}\n<\/style>\n<div id='av_section_2'  class='avia-section av-58qwuf-e4344372baeb63e2f99e6cb2d28da59e main_color avia-section-small avia-no-shadow  avia-builder-el-3  el_after_av_section  avia-builder-el-last  avia-bg-style-scroll container_wrap sidebar_right'  ><div class='container av-section-cont-open' ><div class='template-page content  av-content-small alpha units'><div class='post-entry post-entry-type-page post-entry-3431'><div class='entry-content-wrapper clearfix'>\n\n<style type=\"text\/css\" data-created_by=\"avia_inline_auto\" id=\"style-css-av-4q96sn-6e991fd9f208fe441d6fb0cc5aaf3b07\">\n.flex_column.av-4q96sn-6e991fd9f208fe441d6fb0cc5aaf3b07{\nborder-radius:0px 0px 0px 0px;\npadding:0px 0px 0px 0px;\nbackground-color:#ffffff;\n}\n<\/style>\n<div  class='flex_column av-4q96sn-6e991fd9f208fe441d6fb0cc5aaf3b07 av_one_full  avia-builder-el-4  avia-builder-el-no-sibling  first no_margin flex_column_div av-zero-column-padding  '     ><div id='av-masonry-1' class='av-masonry av-309r07-7f88fd0eaaa2f615a44659826441c462 noHover av-fixed-size av-large-gap av-hover-overlay- av-masonry-animation-active av-masonry-col-3 av-caption-always av-caption-style- av-masonry-gallery ' data-post_id=\"3431\"><div class=\"av-masonry-container isotope av-js-disabled\"><div class='av-masonry-entry isotope-item av-masonry-item-no-image '><\/div><a href=\"https:\/\/dr-smith.de\/inhalt\/wp-content\/uploads\/2015\/05\/Laserbehandlung-Muenchen.jpg\"  aria-label=\"Bild Laserbehandlung M\u00fcnchen\"  id='av-masonry-1-item-3375' data-av-masonry-item='3375' class='av-masonry-entry isotope-item post-3375 attachment type-attachment status-inherit hentry  av-masonry-item-with-image' title=\"Laserbehandlung M\u00fcnchen\" alt=\"Ihr Hautarzt \/ Dermatologe in M\u00fcnchen \/ Schwabing\"    itemprop=\"thumbnailUrl\" ><div class='av-inner-masonry-sizer'><\/div><figure class='av-inner-masonry main_color'><div class=\"av-masonry-outerimage-container\"><div class='av-masonry-image-container' style=\"background-image: url(https:\/\/dr-smith.de\/inhalt\/wp-content\/uploads\/2015\/05\/Laserbehandlung-Muenchen.jpg);\"  title=\"Laserbehandlung M\u00fcnchen\" ><\/div><\/div><\/figure><\/a><!--end av-masonry entry--><a href=\"https:\/\/dr-smith.de\/inhalt\/wp-content\/uploads\/2015\/05\/Liege-Hautarzt.jpg\"  aria-label=\"Bild Liege-Hautarzt\"  id='av-masonry-1-item-3376' data-av-masonry-item='3376' class='av-masonry-entry isotope-item post-3376 attachment type-attachment status-inherit hentry  av-masonry-item-with-image' title=\"Liege-Hautarzt\" alt=\"\"    itemprop=\"thumbnailUrl\" ><div class='av-inner-masonry-sizer'><\/div><figure class='av-inner-masonry main_color'><div class=\"av-masonry-outerimage-container\"><div class='av-masonry-image-container' style=\"background-image: url(https:\/\/dr-smith.de\/inhalt\/wp-content\/uploads\/2015\/05\/Liege-Hautarzt.jpg);\"  title=\"Liege-Hautarzt\" ><\/div><\/div><\/figure><\/a><!--end av-masonry entry--><a href=\"https:\/\/dr-smith.de\/inhalt\/wp-content\/uploads\/2015\/05\/Untersuchung-Muenchen.jpg\"  aria-label=\"Bild Ihr Hautarzt \/ Dermatologe in M\u00fcnchen \/ Schwabing\"  id='av-masonry-1-item-3380' data-av-masonry-item='3380' class='av-masonry-entry isotope-item post-3380 attachment type-attachment status-inherit hentry  av-masonry-item-with-image' title=\"Ihr Hautarzt \/ Dermatologe in M\u00fcnchen \/ Schwabing\" alt=\"Ihr Hautarzt \/ Dermatologe in M\u00fcnchen \/ Schwabing\"    itemprop=\"thumbnailUrl\" ><div class='av-inner-masonry-sizer'><\/div><figure class='av-inner-masonry main_color'><div class=\"av-masonry-outerimage-container\"><div class='av-masonry-image-container' style=\"background-image: url(https:\/\/dr-smith.de\/inhalt\/wp-content\/uploads\/2015\/05\/Untersuchung-Muenchen.jpg);\"  title=\"Ihr Hautarzt \/ Dermatologe in M\u00fcnchen \/ Schwabing\" ><\/div><\/div><\/figure><\/a><!--end av-masonry entry--><a href=\"https:\/\/dr-smith.de\/inhalt\/wp-content\/uploads\/2015\/05\/Behandlungsraum-Hautarzt.jpg\"  aria-label=\"Bild Behandlungsraum-Hautarzt\"  id='av-masonry-1-item-3369' data-av-masonry-item='3369' class='av-masonry-entry isotope-item post-3369 attachment type-attachment status-inherit hentry  av-masonry-item-with-image' title=\"Behandlungsraum-Hautarzt\" alt=\"Ihr Hautarzt \/ Dermatologe in M\u00fcnchen \/ Schwabing\"    itemprop=\"thumbnailUrl\" ><div class='av-inner-masonry-sizer'><\/div><figure class='av-inner-masonry main_color'><div class=\"av-masonry-outerimage-container\"><div class='av-masonry-image-container' style=\"background-image: url(https:\/\/dr-smith.de\/inhalt\/wp-content\/uploads\/2015\/05\/Behandlungsraum-Hautarzt.jpg);\"  title=\"Behandlungsraum-Hautarzt\" ><\/div><\/div><\/figure><\/a><!--end av-masonry entry--><a href=\"https:\/\/dr-smith.de\/inhalt\/wp-content\/uploads\/2015\/05\/Untersuchung-Hautarzt.jpg\" data-srcset=\"https:\/\/dr-smith.de\/inhalt\/wp-content\/uploads\/2015\/05\/Untersuchung-Hautarzt.jpg 927w, https:\/\/dr-smith.de\/inhalt\/wp-content\/uploads\/2015\/05\/Untersuchung-Hautarzt-300x214.jpg 300w, https:\/\/dr-smith.de\/inhalt\/wp-content\/uploads\/2015\/05\/Untersuchung-Hautarzt-260x185.jpg 260w, https:\/\/dr-smith.de\/inhalt\/wp-content\/uploads\/2015\/05\/Untersuchung-Hautarzt-705x502.jpg 705w, https:\/\/dr-smith.de\/inhalt\/wp-content\/uploads\/2015\/05\/Untersuchung-Hautarzt-450x320.jpg 450w\" data-sizes=\"(max-width: 927px) 100vw, 927px\"  aria-label=\"Bild Ihr Hautarzt \/ Dermatologe in M\u00fcnchen \/ Schwabing\"  id='av-masonry-1-item-3379' data-av-masonry-item='3379' class='av-masonry-entry isotope-item post-3379 attachment type-attachment status-inherit hentry  av-masonry-item-with-image' title=\"Ihr Hautarzt \/ Dermatologe in M\u00fcnchen \/ Schwabing\" alt=\"Ihr Hautarzt \/ Dermatologe in M\u00fcnchen \/ Schwabing\"    itemprop=\"thumbnailUrl\" ><div class='av-inner-masonry-sizer'><\/div><figure class='av-inner-masonry main_color'><div class=\"av-masonry-outerimage-container\"><div class='av-masonry-image-container' style=\"background-image: url(https:\/\/dr-smith.de\/inhalt\/wp-content\/uploads\/2015\/05\/Untersuchung-Hautarzt-705x502.jpg);\"  title=\"Ihr Hautarzt \/ Dermatologe in M\u00fcnchen \/ Schwabing\" ><\/div><\/div><\/figure><\/a><!--end av-masonry entry--><a href=\"https:\/\/dr-smith.de\/inhalt\/wp-content\/uploads\/2015\/05\/Empfang-Hautarzt-Muenchen.jpg\"  aria-label=\"Bild Empfang-Hautarzt-Muenchen\"  id='av-masonry-1-item-3372' data-av-masonry-item='3372' class='av-masonry-entry isotope-item post-3372 attachment type-attachment status-inherit hentry  av-masonry-item-with-image' title=\"Empfang-Hautarzt-Muenchen\" alt=\"Ihr Hautarzt \/ Dermatologe in M\u00fcnchen \/ Schwabing\"    itemprop=\"thumbnailUrl\" ><div class='av-inner-masonry-sizer'><\/div><figure class='av-inner-masonry main_color'><div class=\"av-masonry-outerimage-container\"><div class='av-masonry-image-container' style=\"background-image: url(https:\/\/dr-smith.de\/inhalt\/wp-content\/uploads\/2015\/05\/Empfang-Hautarzt-Muenchen.jpg);\"  title=\"Empfang-Hautarzt-Muenchen\" ><\/div><\/div><\/figure><\/a><!--end av-masonry entry--><a href=\"https:\/\/dr-smith.de\/inhalt\/wp-content\/uploads\/2015\/05\/Empfang-Hautaerztin.jpg\"  aria-label=\"Bild Empfang-Hautaerztin\"  id='av-masonry-1-item-3371' data-av-masonry-item='3371' class='av-masonry-entry isotope-item post-3371 attachment type-attachment status-inherit hentry  av-masonry-item-with-image' title=\"Empfang-Hautaerztin\" alt=\"Ihr Hautarzt \/ Dermatologe in M\u00fcnchen \/ Schwabing\"    itemprop=\"thumbnailUrl\" ><div class='av-inner-masonry-sizer'><\/div><figure class='av-inner-masonry main_color'><div class=\"av-masonry-outerimage-container\"><div class='av-masonry-image-container' style=\"background-image: url(https:\/\/dr-smith.de\/inhalt\/wp-content\/uploads\/2015\/05\/Empfang-Hautaerztin.jpg);\"  title=\"Empfang-Hautaerztin\" ><\/div><\/div><\/figure><\/a><!--end av-masonry entry--><a href=\"https:\/\/dr-smith.de\/inhalt\/wp-content\/uploads\/2015\/05\/Orchidee-Dr-Smith.jpg\"  aria-label=\"Bild Orchidee-Dr-Smith\"  id='av-masonry-1-item-3378' data-av-masonry-item='3378' class='av-masonry-entry isotope-item post-3378 attachment type-attachment status-inherit hentry  av-masonry-item-with-image' title=\"Orchidee-Dr-Smith\" alt=\"\"    itemprop=\"thumbnailUrl\" ><div class='av-inner-masonry-sizer'><\/div><figure class='av-inner-masonry main_color'><div class=\"av-masonry-outerimage-container\"><div class='av-masonry-image-container' style=\"background-image: url(https:\/\/dr-smith.de\/inhalt\/wp-content\/uploads\/2015\/05\/Orchidee-Dr-Smith.jpg);\"  title=\"Orchidee-Dr-Smith\" ><\/div><\/div><\/figure><\/a><!--end av-masonry entry--><a href=\"https:\/\/dr-smith.de\/inhalt\/wp-content\/uploads\/2015\/05\/Empfang-Bayern.jpg\"  aria-label=\"Bild Empfang-Bayern\"  id='av-masonry-1-item-3370' data-av-masonry-item='3370' class='av-masonry-entry isotope-item post-3370 attachment type-attachment status-inherit hentry  av-masonry-item-with-image' title=\"Empfang-Bayern\" alt=\"Ihr Hautarzt \/ Dermatologe in M\u00fcnchen \/ Schwabing\"    itemprop=\"thumbnailUrl\" ><div class='av-inner-masonry-sizer'><\/div><figure class='av-inner-masonry main_color'><div class=\"av-masonry-outerimage-container\"><div class='av-masonry-image-container' style=\"background-image: url(https:\/\/dr-smith.de\/inhalt\/wp-content\/uploads\/2015\/05\/Empfang-Bayern.jpg);\"  title=\"Empfang-Bayern\" ><\/div><\/div><\/figure><\/a><!--end av-masonry entry--><a href=\"https:\/\/dr-smith.de\/inhalt\/wp-content\/uploads\/2015\/05\/Laserbehandlung-Hautarzt.jpg\"  aria-label=\"Bild Laserbehandlung Hautarzt Schwabing\"  id='av-masonry-1-item-3374' data-av-masonry-item='3374' class='av-masonry-entry isotope-item post-3374 attachment type-attachment status-inherit hentry  av-masonry-item-with-image' title=\"Laserbehandlung Hautarzt Schwabing\" alt=\"Ihr Hautarzt \/ Dermatologe in M\u00fcnchen \/ Schwabing\"    itemprop=\"thumbnailUrl\" ><div class='av-inner-masonry-sizer'><\/div><figure class='av-inner-masonry main_color'><div class=\"av-masonry-outerimage-container\"><div class='av-masonry-image-container' style=\"background-image: url(https:\/\/dr-smith.de\/inhalt\/wp-content\/uploads\/2015\/05\/Laserbehandlung-Hautarzt.jpg);\"  title=\"Laserbehandlung Hautarzt Schwabing\" ><\/div><\/div><\/figure><\/a><!--end av-masonry entry--><a href=\"https:\/\/dr-smith.de\/inhalt\/wp-content\/uploads\/2015\/05\/Wartezimmer-Hautarzt.jpg\"  aria-label=\"Bild Wartezimmer-Hautarzt\"  id='av-masonry-1-item-3381' data-av-masonry-item='3381' class='av-masonry-entry isotope-item post-3381 attachment type-attachment status-inherit hentry  av-masonry-item-with-image' title=\"Wartezimmer-Hautarzt\" alt=\"\"    itemprop=\"thumbnailUrl\" ><div class='av-inner-masonry-sizer'><\/div><figure class='av-inner-masonry main_color'><div class=\"av-masonry-outerimage-container\"><div class='av-masonry-image-container' style=\"background-image: url(https:\/\/dr-smith.de\/inhalt\/wp-content\/uploads\/2015\/05\/Wartezimmer-Hautarzt.jpg);\"  title=\"Wartezimmer-Hautarzt\" ><\/div><\/div><\/figure><\/a><!--end av-masonry entry--><a href=\"https:\/\/dr-smith.de\/inhalt\/wp-content\/uploads\/2015\/05\/Allergietest-Muenchen.jpg\"  aria-label=\"Bild Allergietest-Muenchen\"  id='av-masonry-1-item-3368' data-av-masonry-item='3368' class='av-masonry-entry isotope-item post-3368 attachment type-attachment status-inherit hentry  av-masonry-item-with-image' title=\"Allergietest-Muenchen\" alt=\"Ihr Hautarzt \/ Dermatologe in M\u00fcnchen \/ Schwabing\"    itemprop=\"thumbnailUrl\" ><div class='av-inner-masonry-sizer'><\/div><figure class='av-inner-masonry main_color'><div class=\"av-masonry-outerimage-container\"><div class='av-masonry-image-container' style=\"background-image: url(https:\/\/dr-smith.de\/inhalt\/wp-content\/uploads\/2015\/05\/Allergietest-Muenchen.jpg);\"  title=\"Allergietest-Muenchen\" ><\/div><\/div><\/figure><\/a><!--end av-masonry entry--><\/div><\/div><\/div><\/div><\/div><\/div><!-- close content main div --><\/div><\/div><div id='after_section_2'  class='main_color av_default_container_wrap container_wrap sidebar_right'  ><div class='container av-section-cont-open' ><div class='template-page content  av-content-small alpha units'><div class='post-entry post-entry-type-page post-entry-3431'><div class='entry-content-wrapper clearfix'>\n","protected":false},"excerpt":{"rendered":"","protected":false},"author":1,"featured_media":0,"parent":0,"menu_order":0,"comment_status":"open","ping_status":"open","template":"","meta":{"footnotes":""},"class_list":["post-3431","page","type-page","status-publish","hentry"],"yoast_head":"<!-- This site is optimized with the Yoast SEO plugin v27.0 - https:\/\/yoast.com\/product\/yoast-seo-wordpress\/ -->\n<title>Galerie - Hautarztpraxis \/ Dermatologe Dr. Smith aus Schwabing \/ M\u00fcnchen<\/title>\n<meta name=\"robots\" content=\"index, follow, max-snippet:-1, max-image-preview:large, max-video-preview:-1\" \/>\n<link rel=\"canonical\" href=\"https:\/\/dr-smith.de\/inhalt\/galerie\/\" \/>\n<meta property=\"og:locale\" content=\"de_DE\" \/>\n<meta property=\"og:type\" content=\"article\" \/>\n<meta property=\"og:title\" content=\"Galerie - Hautarztpraxis \/ Dermatologe Dr. Smith aus Schwabing \/ M\u00fcnchen\" \/>\n<meta property=\"og:url\" content=\"https:\/\/dr-smith.de\/inhalt\/galerie\/\" \/>\n<meta property=\"og:site_name\" content=\"Hautarztpraxis \/ Dermatologe Dr. Smith aus Schwabing \/ M\u00fcnchen\" \/>\n<meta property=\"article:modified_time\" content=\"2018-07-02T08:58:16+00:00\" \/>\n<meta name=\"twitter:card\" content=\"summary_large_image\" \/>\n<meta name=\"twitter:label1\" content=\"Gesch\u00e4tzte Lesezeit\" \/>\n\t<meta name=\"twitter:data1\" content=\"2\u00a0Minuten\" \/>\n<script type=\"application\/ld+json\" class=\"yoast-schema-graph\">{\"@context\":\"https:\/\/schema.org\",\"@graph\":[{\"@type\":\"WebPage\",\"@id\":\"https:\/\/dr-smith.de\/inhalt\/galerie\/\",\"url\":\"https:\/\/dr-smith.de\/inhalt\/galerie\/\",\"name\":\"Galerie - Hautarztpraxis \/ Dermatologe Dr. Smith aus Schwabing \/ M\u00fcnchen\",\"isPartOf\":{\"@id\":\"https:\/\/dr-smith.de\/inhalt\/#website\"},\"datePublished\":\"2015-08-07T09:27:39+00:00\",\"dateModified\":\"2018-07-02T08:58:16+00:00\",\"breadcrumb\":{\"@id\":\"https:\/\/dr-smith.de\/inhalt\/galerie\/#breadcrumb\"},\"inLanguage\":\"de\",\"potentialAction\":[{\"@type\":\"ReadAction\",\"target\":[\"https:\/\/dr-smith.de\/inhalt\/galerie\/\"]}]},{\"@type\":\"BreadcrumbList\",\"@id\":\"https:\/\/dr-smith.de\/inhalt\/galerie\/#breadcrumb\",\"itemListElement\":[{\"@type\":\"ListItem\",\"position\":1,\"name\":\"Startseite\",\"item\":\"https:\/\/dr-smith.de\/inhalt\/\"},{\"@type\":\"ListItem\",\"position\":2,\"name\":\"Galerie\"}]},{\"@type\":\"WebSite\",\"@id\":\"https:\/\/dr-smith.de\/inhalt\/#website\",\"url\":\"https:\/\/dr-smith.de\/inhalt\/\",\"name\":\"Hautarztpraxis Dr. Smith aus Schwabing\/M\u00fcnchen\",\"description\":\"Ihr Hautarzt f\u00fcr Dermatologie, Venerologie, Allergologie, Lasermedizin &amp; \u00c4sthetische Therapien\",\"publisher\":{\"@id\":\"https:\/\/dr-smith.de\/inhalt\/#organization\"},\"potentialAction\":[{\"@type\":\"SearchAction\",\"target\":{\"@type\":\"EntryPoint\",\"urlTemplate\":\"https:\/\/dr-smith.de\/inhalt\/?s={search_term_string}\"},\"query-input\":{\"@type\":\"PropertyValueSpecification\",\"valueRequired\":true,\"valueName\":\"search_term_string\"}}],\"inLanguage\":\"de\"},{\"@type\":\"Organization\",\"@id\":\"https:\/\/dr-smith.de\/inhalt\/#organization\",\"name\":\"Haut\u00e4rztin Dr. Smith M\u00fcnchen\",\"url\":\"https:\/\/dr-smith.de\/inhalt\/\",\"logo\":{\"@type\":\"ImageObject\",\"inLanguage\":\"de\",\"@id\":\"https:\/\/dr-smith.de\/inhalt\/#\/schema\/logo\/image\/\",\"url\":\"https:\/\/dr-smith.de\/inhalt\/wp-content\/uploads\/2016\/07\/Logo-Dr-Smith.gif\",\"contentUrl\":\"https:\/\/dr-smith.de\/inhalt\/wp-content\/uploads\/2016\/07\/Logo-Dr-Smith.gif\",\"width\":283,\"height\":80,\"caption\":\"Haut\u00e4rztin Dr. Smith M\u00fcnchen\"},\"image\":{\"@id\":\"https:\/\/dr-smith.de\/inhalt\/#\/schema\/logo\/image\/\"}}]}<\/script>\n<!-- \/ Yoast SEO plugin. -->","yoast_head_json":{"title":"Galerie - Hautarztpraxis \/ Dermatologe Dr. Smith aus Schwabing \/ M\u00fcnchen","robots":{"index":"index","follow":"follow","max-snippet":"max-snippet:-1","max-image-preview":"max-image-preview:large","max-video-preview":"max-video-preview:-1"},"canonical":"https:\/\/dr-smith.de\/inhalt\/galerie\/","og_locale":"de_DE","og_type":"article","og_title":"Galerie - Hautarztpraxis \/ Dermatologe Dr. Smith aus Schwabing \/ M\u00fcnchen","og_url":"https:\/\/dr-smith.de\/inhalt\/galerie\/","og_site_name":"Hautarztpraxis \/ Dermatologe Dr. Smith aus Schwabing \/ M\u00fcnchen","article_modified_time":"2018-07-02T08:58:16+00:00","twitter_card":"summary_large_image","twitter_misc":{"Gesch\u00e4tzte Lesezeit":"2\u00a0Minuten"},"schema":{"@context":"https:\/\/schema.org","@graph":[{"@type":"WebPage","@id":"https:\/\/dr-smith.de\/inhalt\/galerie\/","url":"https:\/\/dr-smith.de\/inhalt\/galerie\/","name":"Galerie - Hautarztpraxis \/ Dermatologe Dr. Smith aus Schwabing \/ M\u00fcnchen","isPartOf":{"@id":"https:\/\/dr-smith.de\/inhalt\/#website"},"datePublished":"2015-08-07T09:27:39+00:00","dateModified":"2018-07-02T08:58:16+00:00","breadcrumb":{"@id":"https:\/\/dr-smith.de\/inhalt\/galerie\/#breadcrumb"},"inLanguage":"de","potentialAction":[{"@type":"ReadAction","target":["https:\/\/dr-smith.de\/inhalt\/galerie\/"]}]},{"@type":"BreadcrumbList","@id":"https:\/\/dr-smith.de\/inhalt\/galerie\/#breadcrumb","itemListElement":[{"@type":"ListItem","position":1,"name":"Startseite","item":"https:\/\/dr-smith.de\/inhalt\/"},{"@type":"ListItem","position":2,"name":"Galerie"}]},{"@type":"WebSite","@id":"https:\/\/dr-smith.de\/inhalt\/#website","url":"https:\/\/dr-smith.de\/inhalt\/","name":"Hautarztpraxis Dr. Smith aus Schwabing\/M\u00fcnchen","description":"Ihr Hautarzt f\u00fcr Dermatologie, Venerologie, Allergologie, Lasermedizin &amp; \u00c4sthetische Therapien","publisher":{"@id":"https:\/\/dr-smith.de\/inhalt\/#organization"},"potentialAction":[{"@type":"SearchAction","target":{"@type":"EntryPoint","urlTemplate":"https:\/\/dr-smith.de\/inhalt\/?s={search_term_string}"},"query-input":{"@type":"PropertyValueSpecification","valueRequired":true,"valueName":"search_term_string"}}],"inLanguage":"de"},{"@type":"Organization","@id":"https:\/\/dr-smith.de\/inhalt\/#organization","name":"Haut\u00e4rztin Dr. Smith M\u00fcnchen","url":"https:\/\/dr-smith.de\/inhalt\/","logo":{"@type":"ImageObject","inLanguage":"de","@id":"https:\/\/dr-smith.de\/inhalt\/#\/schema\/logo\/image\/","url":"https:\/\/dr-smith.de\/inhalt\/wp-content\/uploads\/2016\/07\/Logo-Dr-Smith.gif","contentUrl":"https:\/\/dr-smith.de\/inhalt\/wp-content\/uploads\/2016\/07\/Logo-Dr-Smith.gif","width":283,"height":80,"caption":"Haut\u00e4rztin Dr. Smith M\u00fcnchen"},"image":{"@id":"https:\/\/dr-smith.de\/inhalt\/#\/schema\/logo\/image\/"}}]}},"_links":{"self":[{"href":"https:\/\/dr-smith.de\/inhalt\/wp-json\/wp\/v2\/pages\/3431","targetHints":{"allow":["GET"]}}],"collection":[{"href":"https:\/\/dr-smith.de\/inhalt\/wp-json\/wp\/v2\/pages"}],"about":[{"href":"https:\/\/dr-smith.de\/inhalt\/wp-json\/wp\/v2\/types\/page"}],"author":[{"embeddable":true,"href":"https:\/\/dr-smith.de\/inhalt\/wp-json\/wp\/v2\/users\/1"}],"replies":[{"embeddable":true,"href":"https:\/\/dr-smith.de\/inhalt\/wp-json\/wp\/v2\/comments?post=3431"}],"version-history":[{"count":29,"href":"https:\/\/dr-smith.de\/inhalt\/wp-json\/wp\/v2\/pages\/3431\/revisions"}],"predecessor-version":[{"id":3891,"href":"https:\/\/dr-smith.de\/inhalt\/wp-json\/wp\/v2\/pages\/3431\/revisions\/3891"}],"wp:attachment":[{"href":"https:\/\/dr-smith.de\/inhalt\/wp-json\/wp\/v2\/media?parent=3431"}],"curies":[{"name":"wp","href":"https:\/\/api.w.org\/{rel}","templated":true}]}}