{"id":3448,"date":"2015-08-07T12:10:07","date_gmt":"2015-08-07T10:10:07","guid":{"rendered":"http:\/\/dr-smith.de\/inhalt\/?page_id=3448"},"modified":"2016-06-17T12:17:48","modified_gmt":"2016-06-17T10:17:48","slug":"aesthetische-therapien","status":"publish","type":"page","link":"https:\/\/dr-smith.de\/inhalt\/leistungsspektrum\/aesthetische-therapien\/","title":{"rendered":"\u00c4sthetische Therapien"},"content":{"rendered":"\n<style type=\"text\/css\" data-created_by=\"avia_inline_auto\" id=\"style-css-av-av_section-e0afaf1008bb92fd5785090c9ec95ab9\">\n.avia-section.av-av_section-e0afaf1008bb92fd5785090c9ec95ab9{\nbackground-repeat:no-repeat;\nbackground-image:url(https:\/\/dr-smith.de\/inhalt\/wp-content\/uploads\/2015\/05\/Laserbehandlung-Muenchen.jpg);\nbackground-position:50% 50%;\nbackground-attachment:scroll;\n}\n.avia-section.av-av_section-e0afaf1008bb92fd5785090c9ec95ab9 .av-section-color-overlay{\nopacity:0.2;\nbackground-color:#000000;\n}\n<\/style>\n<div id='av_section_1'  class='avia-section av-av_section-e0afaf1008bb92fd5785090c9ec95ab9 main_color avia-section-large avia-no-shadow  avia-builder-el-0  el_before_av_section  avia-builder-el-first  avia-full-stretch avia-bg-style-scroll av-section-color-overlay-active container_wrap sidebar_right'  data-section-bg-repeat='stretch'><div class=\"av-section-color-overlay-wrap\"><div class=\"av-section-color-overlay\"><\/div><div class='container av-section-cont-open' ><main  role=\"main\" itemprop=\"mainContentOfPage\"  class='template-page content  av-content-small alpha units'><div class='post-entry post-entry-type-page post-entry-3448'><div class='entry-content-wrapper clearfix'>\n\n<style type=\"text\/css\" data-created_by=\"avia_inline_auto\" id=\"style-css-av-av_heading-3978116d78c212a44f6d90b2520bf250\">\n#top .av-special-heading.av-av_heading-3978116d78c212a44f6d90b2520bf250{\npadding-bottom:0;\ncolor:#ffffff;\nfont-size:50px;\n}\nbody .av-special-heading.av-av_heading-3978116d78c212a44f6d90b2520bf250 .av-special-heading-tag .heading-char{\nfont-size:25px;\n}\n#top #wrap_all .av-special-heading.av-av_heading-3978116d78c212a44f6d90b2520bf250 .av-special-heading-tag{\nfont-size:50px;\n}\n.av-special-heading.av-av_heading-3978116d78c212a44f6d90b2520bf250 .special-heading-inner-border{\nborder-color:#ffffff;\n}\n.av-special-heading.av-av_heading-3978116d78c212a44f6d90b2520bf250 .av-subheading{\nfont-size:15px;\n}\n\n@media only screen and (min-width: 480px) and (max-width: 767px){ \n#top #wrap_all .av-special-heading.av-av_heading-3978116d78c212a44f6d90b2520bf250 .av-special-heading-tag{\nfont-size:0.8em;\n}\n}\n\n@media only screen and (max-width: 479px){ \n#top #wrap_all .av-special-heading.av-av_heading-3978116d78c212a44f6d90b2520bf250 .av-special-heading-tag{\nfont-size:0.8em;\n}\n}\n<\/style>\n<div  class='av-special-heading av-av_heading-3978116d78c212a44f6d90b2520bf250 av-special-heading-h3 custom-color-heading blockquote modern-quote modern-centered  avia-builder-el-1  el_before_av_hr  avia-builder-el-first  av-inherit-size'><h3 class='av-special-heading-tag '  itemprop=\"headline\"  >\u00c4sthetische Therapien<\/h3><div class='av_custom_color av-subheading av-subheading_below'><p>Wie wir Ihnen helfen k\u00f6nnen<\/p>\n<\/div><div class=\"special-heading-border\"><div class=\"special-heading-inner-border\"><\/div><\/div><\/div>\n\n<style type=\"text\/css\" data-created_by=\"avia_inline_auto\" id=\"style-css-av-av_hr-d26bc57f0c6fc73d60edf7912d09881c\">\n#top .hr.av-av_hr-d26bc57f0c6fc73d60edf7912d09881c{\nmargin-top:30px;\nmargin-bottom:30px;\n}\n.hr.av-av_hr-d26bc57f0c6fc73d60edf7912d09881c .hr-inner{\nwidth:20%;\nborder-color:rgba(255,255,255,0.76);\nmax-width:45%;\n}\n.hr.av-av_hr-d26bc57f0c6fc73d60edf7912d09881c .av-seperator-icon{\ncolor:#ffffff;\n}\n.hr.av-av_hr-d26bc57f0c6fc73d60edf7912d09881c .av-seperator-icon.avia-svg-icon svg:first-child{\nfill:#ffffff;\nstroke:#ffffff;\n}\n<\/style>\n<div  class='hr av-av_hr-d26bc57f0c6fc73d60edf7912d09881c hr-custom  avia-builder-el-2  el_after_av_heading  avia-builder-el-last  hr-center hr-icon-yes'><span class='hr-inner inner-border-av-border-thin'><span class=\"hr-inner-style\"><\/span><\/span><span class='av-seperator-icon avia-iconfont avia-font-entypo-fontello' data-av_icon='\ue8bf' data-av_iconfont='entypo-fontello' ><\/span><span class='hr-inner inner-border-av-border-thin'><span class=\"hr-inner-style\"><\/span><\/span><\/div>\n\n<\/div><\/div><\/main><!-- close content main element --><\/div><\/div><\/div><div id='av_section_2'  class='avia-section av-av_section-b001219e74ae2461ab104eabac48a238 main_color avia-section-small avia-no-border-styling  avia-builder-el-3  el_after_av_section  avia-builder-el-last  avia-bg-style-fixed container_wrap sidebar_right'  ><div class='container av-section-cont-open' ><div class='template-page content  av-content-small alpha units'><div class='post-entry post-entry-type-page post-entry-3448'><div class='entry-content-wrapper clearfix'>\n<div class='flex_column_table av-av_one_full-5f3168a51d5fa576b4e7522cc28bd779 sc-av_one_full av-equal-height-column-flextable'>\n<style type=\"text\/css\" data-created_by=\"avia_inline_auto\" id=\"style-css-av-av_one_full-5f3168a51d5fa576b4e7522cc28bd779\">\n#top .flex_column_table.av-equal-height-column-flextable.av-av_one_full-5f3168a51d5fa576b4e7522cc28bd779{\nmargin-top:-60px;\nmargin-bottom:0px;\n}\n.flex_column.av-av_one_full-5f3168a51d5fa576b4e7522cc28bd779{\nborder-radius:0px 0px 0px 0px;\npadding:30px 30px 30px 30px;\nbackground-color:#ffffff;\n}\n<\/style>\n<div  class='flex_column av-av_one_full-5f3168a51d5fa576b4e7522cc28bd779 av_one_full  avia-builder-el-4  el_before_av_one_half  avia-builder-el-first  first no_margin flex_column_table_cell av-equal-height-column av-align-top  '     ><style type=\"text\/css\" data-created_by=\"avia_inline_auto\" id=\"style-css-av-av_heading-a57ac86baa1dc1016b199e3311733c07\">\n#top .av-special-heading.av-av_heading-a57ac86baa1dc1016b199e3311733c07{\npadding-bottom:0;\n}\nbody .av-special-heading.av-av_heading-a57ac86baa1dc1016b199e3311733c07 .av-special-heading-tag .heading-char{\nfont-size:25px;\n}\n.av-special-heading.av-av_heading-a57ac86baa1dc1016b199e3311733c07 .av-subheading{\nfont-size:15px;\n}\n<\/style>\n<div  class='av-special-heading av-av_heading-a57ac86baa1dc1016b199e3311733c07 av-special-heading-h3 blockquote modern-quote  avia-builder-el-5  avia-builder-el-no-sibling '><h3 class='av-special-heading-tag '  itemprop=\"headline\"  ><span class='special_amp'>&#8220;<\/span>Von der Haut aus kann man die Seele pflegen<span class='special_amp'>&#8221;<\/span><\/h3><div class='av-subheading av-subheading_below'><p>Dieses Zitat des Arztes Carl Ludwig Schleich (1859 &#8211; 1922) hat heute mehr denn je seine G\u00fcltigkeit. Eine reine, sch\u00f6ne, makellose und vor allem gesunde Haut ist einfach die ausgezeichnete Basis f\u00fcr ein gutes Gef\u00fchl und ein selbstbewusstes Auftreten. So ist auch die Faltenfreiheit bis ins h\u00f6here Alter heute ein Wunsch vieler Menschen. Als verantwortungsbewusste Dermatologen kennen und verwenden wir viele anerkannte Verfahren, um Ihnen zur sch\u00f6nen Haut zu verhelfen oder diese nachhaltig zu pflegen bzw. zu erhalten.<\/p>\n<\/div><div class=\"special-heading-border\"><div class=\"special-heading-inner-border\"><\/div><\/div><\/div><\/div><\/div><!--close column table wrapper. Autoclose: 1 -->\n<style type=\"text\/css\" data-created_by=\"avia_inline_auto\" id=\"style-css-av-av_one_half-2d47f9ce0b00fd05718d1ec4779473a2\">\n.flex_column.av-av_one_half-2d47f9ce0b00fd05718d1ec4779473a2{\nborder-radius:0px 0px 0px 0px;\npadding:0px 0px 0px 0px;\n}\n<\/style>\n<div  class='flex_column av-av_one_half-2d47f9ce0b00fd05718d1ec4779473a2 av_one_half  avia-builder-el-6  el_after_av_one_full  el_before_av_one_half  first flex_column_div av-zero-column-padding  column-top-margin'     ><section  class='av_textblock_section av-av_textblock-0366cc7376be6c9e82a3e9cc8987b64f '   itemscope=\"itemscope\" itemtype=\"https:\/\/schema.org\/CreativeWork\" ><div class='avia_textblock'  itemprop=\"text\" ><p><strong>Einsatzbereiche der \u00e4sthetischen Dermatologie<\/strong><br \/>\nUnsere \u00e4sthetischen Therapien umfassen die Aspekte zur Erhaltung der Sch\u00f6nheit sowie deren effektiver Unterst\u00fctzung. Generell z\u00e4hlen dazu die Entfernung oder eine Minimierung von st\u00f6renden Erscheinungen an oder unter der Haut wie zum Beispiel:<\/p>\n<ul>\n<li>Narben<\/li>\n<li>\u00c4derchen<\/li>\n<li>&#8220;Besenreiser&#8221; (Varikosen)<\/li>\n<li>Pigmentflecken und -st\u00f6rungen<\/li>\n<li>Hautkn\u00f6tchen und Warzen<\/li>\n<li>Cellulite<\/li>\n<li>unerw\u00fcnschter Haarwuchs<\/li>\n<li>Akne<\/li>\n<li>Falten<\/li>\n<li>l\u00e4stige T\u00e4towierungen<\/li>\n<\/ul>\n<p><strong>Das Spektrum unserer Anwendungen<\/strong><br \/>\nAuch bei \u00e4sthetischen Therapien stehen f\u00fcr uns die medizinische Sicherheit und die Effektivit\u00e4t der angewendeten Methoden immer im Zentrum. Zu unserem ganzheitlichen Konzept geh\u00f6rt daher auch eine gr\u00fcndliche Diagnose und Aufkl\u00e4rung \u00fcber die f\u00fcr Sie therapeutisch sinnvollen bzw. m\u00f6glichen Ma\u00dfnahmen. Denn die Wahl der richtigen Behandlung erfolgt immer auf individueller Basis.<\/p>\n<p><strong>Laserbehandlungen<\/strong><br \/>\nMedizinische Laser kommen bei uns bevorzugt bei pigmentbedingten Hautproblemen oder Gef\u00e4\u00dfver\u00e4nderungen (L\u00e4sionen, Blutschw\u00e4mmchen, Feuermale etc.) zum Einsatz. Auch bei Altersflecken, Geburtsmalen, \u00c4derchen und nat\u00fcrlich zur Entfernung von T\u00e4towierungen hat sich dermatologisches Lasern sehr gut bew\u00e4hrt.<\/p>\n<p><strong>Dioden-Laser zur dauerhaften Haarentfernung<\/strong><br \/>\nStatt Zupfen, Depilieren oder Rasieren: die nachhaltige Haarentfernung mittels Diodenlaser ist hier die elegante uns sichere Alternative. Prinzipiell kann der Laser an allen K\u00f6rperstellen f\u00fcr das Entfernen st\u00f6render Haare zum Einsatz kommen.<\/p>\n<\/div><\/section><\/div>\n<style type=\"text\/css\" data-created_by=\"avia_inline_auto\" id=\"style-css-av-av_one_half-2a64de42b738552fe666ca889af77e28\">\n.flex_column.av-av_one_half-2a64de42b738552fe666ca889af77e28{\nborder-radius:0px 0px 0px 0px;\npadding:0px 0px 0px 0px;\n}\n<\/style>\n<div  class='flex_column av-av_one_half-2a64de42b738552fe666ca889af77e28 av_one_half  avia-builder-el-8  el_after_av_one_half  avia-builder-el-last  flex_column_div av-zero-column-padding  column-top-margin'     ><section  class='av_textblock_section av-av_textblock-0366cc7376be6c9e82a3e9cc8987b64f '   itemscope=\"itemscope\" itemtype=\"https:\/\/schema.org\/CreativeWork\" ><div class='avia_textblock'  itemprop=\"text\" ><p><strong>Botox\u00ae &#8211; ein Weg zur &#8220;Entfaltung&#8221;<\/strong><br \/>\nBotulinumtoxin A (oder kurz: Botox\u00ae) ist ein nat\u00fcrliches Bakterieneiwei\u00df und als solches bereits seit L\u00e4ngerem ein probate Alternative zum chirurgischen Lifting. In einen Muskel injiziert, verhindert es dort \u00fcber eine Nervenblockade die Anspannung von Muskeln. Damit wird ein Verstreichen der Falten erzielt. Das F\u00fchlen und der Tastsinn der Haut bleiben aber erhalten.<\/p>\n<p><strong>Weitere Faltenbehandlungen | Unterspritzungen<\/strong><br \/>\nDes Weiteren bieten wir f\u00fcr die Reduzierung von Falten Behandlungen mit Hyalurons\u00e4ure und Kollagenunterspritzung an. Hyalurons\u00e4ure ist als Mucopolysaccharid ein essentieller Bestandteil des menschlichen Bindegewebes und wird in der \u00e4sthetischen Dermatologie unter anderem zur Faltenunterspritzung, zum Modellieren der Lippen und zur Hautauffrischung eingesetzt. Eine Alternative ist die auch von uns durchgef\u00fchrte Kollagenunterspritzung als ebenfalls bestens bew\u00e4hrte Methode zur Faltengl\u00e4ttung. Kollagen ist ein Eiwei\u00dfstoff auf tierischer Basis \u2013 daher f\u00fchren wir vor der Behandlung auch immer einen Test zur Vertr\u00e4glichkeit durch.<\/p>\n<p><strong>Ver\u00f6dungen (Sklerotherapie)<\/strong><br \/>\nZum Beispiel bei Besenreisern \u2013 die sind an sich zwar meist harmlos, aber eben oft auch ein \u00e4sthetisches Problem. Eine Beurteilung bzw. Untersuchung, ob es sich im speziellen Fall um eine ernsthafte Venenschw\u00e4che handelt, erfolgt mittels Ultraschall. Zur Behandlung, sprich zur weitestgehenden Entfernung der Besenreiser wird von uns in der Regel die Sklerotherapie (Ver\u00f6dung) eingesetzt.<\/p>\n<p><strong>Medizinische Kosmetik | Peeling<\/strong><br \/>\nBeim Peeling wird die oberste Hautschicht (also die abgestorbenen Hornzellen) entfernt, damit eine gesunde Regeneration der Haut erfolgen kann. &#8220;Sch\u00e4lung&#8221; und hat immer eine gesunde Regeneration der Haut zur Folge. Beim TCA Peeling wird daf\u00fcr Trichloressigs\u00e4ure eingesetzt, die einen tieferen Peelingeffekt erzielt. Hier bei sind auch die eingehende Voruntersuchung und die Nachbehandlung wichtig. Je nach individuellem Hauttyp und behandelter Hautpartie wird von uns die L\u00f6sung f\u00fcr Sie speziell aufbereitet. Zudem bieten wir Fruchts\u00e4ure-Peeling an \u2013 mit Glykols\u00e4ure, die in der Natur beim Zuckerrohrsaft enthalten ist. Peeling mit Fruchts\u00e4ure kommt unter anderem mit Erfolg bei Akne oder unreiner Haut zum Einsatz.<\/p>\n<\/div><\/section><\/div><\/div><\/div><\/div><!-- close content main div --><\/div><\/div><div id='after_section_2'  class='main_color av_default_container_wrap container_wrap sidebar_right'  ><div class='container av-section-cont-open' ><div class='template-page content  av-content-small alpha units'><div class='post-entry post-entry-type-page post-entry-3448'><div class='entry-content-wrapper clearfix'>\n","protected":false},"excerpt":{"rendered":"","protected":false},"author":1,"featured_media":0,"parent":96,"menu_order":0,"comment_status":"open","ping_status":"open","template":"","meta":{"footnotes":""},"class_list":["post-3448","page","type-page","status-publish","hentry"],"yoast_head":"<!-- This site is optimized with the Yoast SEO plugin v27.0 - https:\/\/yoast.com\/product\/yoast-seo-wordpress\/ -->\n<title>\u00c4sthetische Therapien - Hautarztpraxis \/ Dermatologe Dr. Smith aus Schwabing \/ M\u00fcnchen<\/title>\n<meta name=\"robots\" content=\"index, follow, max-snippet:-1, max-image-preview:large, max-video-preview:-1\" \/>\n<link rel=\"canonical\" href=\"https:\/\/dr-smith.de\/inhalt\/leistungsspektrum\/aesthetische-therapien\/\" \/>\n<meta property=\"og:locale\" content=\"de_DE\" \/>\n<meta property=\"og:type\" content=\"article\" \/>\n<meta property=\"og:title\" content=\"\u00c4sthetische Therapien - Hautarztpraxis \/ Dermatologe Dr. Smith aus Schwabing \/ M\u00fcnchen\" \/>\n<meta property=\"og:url\" content=\"https:\/\/dr-smith.de\/inhalt\/leistungsspektrum\/aesthetische-therapien\/\" \/>\n<meta property=\"og:site_name\" content=\"Hautarztpraxis \/ Dermatologe Dr. Smith aus Schwabing \/ M\u00fcnchen\" \/>\n<meta property=\"article:modified_time\" content=\"2016-06-17T10:17:48+00:00\" \/>\n<meta name=\"twitter:card\" content=\"summary_large_image\" \/>\n<meta name=\"twitter:label1\" content=\"Gesch\u00e4tzte Lesezeit\" \/>\n\t<meta name=\"twitter:data1\" content=\"5\u00a0Minuten\" \/>\n<script type=\"application\/ld+json\" class=\"yoast-schema-graph\">{\"@context\":\"https:\/\/schema.org\",\"@graph\":[{\"@type\":\"WebPage\",\"@id\":\"https:\/\/dr-smith.de\/inhalt\/leistungsspektrum\/aesthetische-therapien\/\",\"url\":\"https:\/\/dr-smith.de\/inhalt\/leistungsspektrum\/aesthetische-therapien\/\",\"name\":\"\u00c4sthetische Therapien - Hautarztpraxis \/ Dermatologe Dr. Smith aus Schwabing \/ M\u00fcnchen\",\"isPartOf\":{\"@id\":\"https:\/\/dr-smith.de\/inhalt\/#website\"},\"datePublished\":\"2015-08-07T10:10:07+00:00\",\"dateModified\":\"2016-06-17T10:17:48+00:00\",\"breadcrumb\":{\"@id\":\"https:\/\/dr-smith.de\/inhalt\/leistungsspektrum\/aesthetische-therapien\/#breadcrumb\"},\"inLanguage\":\"de\",\"potentialAction\":[{\"@type\":\"ReadAction\",\"target\":[\"https:\/\/dr-smith.de\/inhalt\/leistungsspektrum\/aesthetische-therapien\/\"]}]},{\"@type\":\"BreadcrumbList\",\"@id\":\"https:\/\/dr-smith.de\/inhalt\/leistungsspektrum\/aesthetische-therapien\/#breadcrumb\",\"itemListElement\":[{\"@type\":\"ListItem\",\"position\":1,\"name\":\"Startseite\",\"item\":\"https:\/\/dr-smith.de\/inhalt\/\"},{\"@type\":\"ListItem\",\"position\":2,\"name\":\"Leistungsspektrum\",\"item\":\"https:\/\/dr-smith.de\/inhalt\/leistungsspektrum\/\"},{\"@type\":\"ListItem\",\"position\":3,\"name\":\"\u00c4sthetische Therapien\"}]},{\"@type\":\"WebSite\",\"@id\":\"https:\/\/dr-smith.de\/inhalt\/#website\",\"url\":\"https:\/\/dr-smith.de\/inhalt\/\",\"name\":\"Hautarztpraxis Dr. Smith aus Schwabing\/M\u00fcnchen\",\"description\":\"Ihr Hautarzt f\u00fcr Dermatologie, Venerologie, Allergologie, Lasermedizin &amp; \u00c4sthetische Therapien\",\"publisher\":{\"@id\":\"https:\/\/dr-smith.de\/inhalt\/#organization\"},\"potentialAction\":[{\"@type\":\"SearchAction\",\"target\":{\"@type\":\"EntryPoint\",\"urlTemplate\":\"https:\/\/dr-smith.de\/inhalt\/?s={search_term_string}\"},\"query-input\":{\"@type\":\"PropertyValueSpecification\",\"valueRequired\":true,\"valueName\":\"search_term_string\"}}],\"inLanguage\":\"de\"},{\"@type\":\"Organization\",\"@id\":\"https:\/\/dr-smith.de\/inhalt\/#organization\",\"name\":\"Haut\u00e4rztin Dr. Smith M\u00fcnchen\",\"url\":\"https:\/\/dr-smith.de\/inhalt\/\",\"logo\":{\"@type\":\"ImageObject\",\"inLanguage\":\"de\",\"@id\":\"https:\/\/dr-smith.de\/inhalt\/#\/schema\/logo\/image\/\",\"url\":\"https:\/\/dr-smith.de\/inhalt\/wp-content\/uploads\/2016\/07\/Logo-Dr-Smith.gif\",\"contentUrl\":\"https:\/\/dr-smith.de\/inhalt\/wp-content\/uploads\/2016\/07\/Logo-Dr-Smith.gif\",\"width\":283,\"height\":80,\"caption\":\"Haut\u00e4rztin Dr. Smith M\u00fcnchen\"},\"image\":{\"@id\":\"https:\/\/dr-smith.de\/inhalt\/#\/schema\/logo\/image\/\"}}]}<\/script>\n<!-- \/ Yoast SEO plugin. -->","yoast_head_json":{"title":"\u00c4sthetische Therapien - Hautarztpraxis \/ Dermatologe Dr. Smith aus Schwabing \/ M\u00fcnchen","robots":{"index":"index","follow":"follow","max-snippet":"max-snippet:-1","max-image-preview":"max-image-preview:large","max-video-preview":"max-video-preview:-1"},"canonical":"https:\/\/dr-smith.de\/inhalt\/leistungsspektrum\/aesthetische-therapien\/","og_locale":"de_DE","og_type":"article","og_title":"\u00c4sthetische Therapien - Hautarztpraxis \/ Dermatologe Dr. Smith aus Schwabing \/ M\u00fcnchen","og_url":"https:\/\/dr-smith.de\/inhalt\/leistungsspektrum\/aesthetische-therapien\/","og_site_name":"Hautarztpraxis \/ Dermatologe Dr. Smith aus Schwabing \/ M\u00fcnchen","article_modified_time":"2016-06-17T10:17:48+00:00","twitter_card":"summary_large_image","twitter_misc":{"Gesch\u00e4tzte Lesezeit":"5\u00a0Minuten"},"schema":{"@context":"https:\/\/schema.org","@graph":[{"@type":"WebPage","@id":"https:\/\/dr-smith.de\/inhalt\/leistungsspektrum\/aesthetische-therapien\/","url":"https:\/\/dr-smith.de\/inhalt\/leistungsspektrum\/aesthetische-therapien\/","name":"\u00c4sthetische Therapien - Hautarztpraxis \/ Dermatologe Dr. Smith aus Schwabing \/ M\u00fcnchen","isPartOf":{"@id":"https:\/\/dr-smith.de\/inhalt\/#website"},"datePublished":"2015-08-07T10:10:07+00:00","dateModified":"2016-06-17T10:17:48+00:00","breadcrumb":{"@id":"https:\/\/dr-smith.de\/inhalt\/leistungsspektrum\/aesthetische-therapien\/#breadcrumb"},"inLanguage":"de","potentialAction":[{"@type":"ReadAction","target":["https:\/\/dr-smith.de\/inhalt\/leistungsspektrum\/aesthetische-therapien\/"]}]},{"@type":"BreadcrumbList","@id":"https:\/\/dr-smith.de\/inhalt\/leistungsspektrum\/aesthetische-therapien\/#breadcrumb","itemListElement":[{"@type":"ListItem","position":1,"name":"Startseite","item":"https:\/\/dr-smith.de\/inhalt\/"},{"@type":"ListItem","position":2,"name":"Leistungsspektrum","item":"https:\/\/dr-smith.de\/inhalt\/leistungsspektrum\/"},{"@type":"ListItem","position":3,"name":"\u00c4sthetische Therapien"}]},{"@type":"WebSite","@id":"https:\/\/dr-smith.de\/inhalt\/#website","url":"https:\/\/dr-smith.de\/inhalt\/","name":"Hautarztpraxis Dr. Smith aus Schwabing\/M\u00fcnchen","description":"Ihr Hautarzt f\u00fcr Dermatologie, Venerologie, Allergologie, Lasermedizin &amp; \u00c4sthetische Therapien","publisher":{"@id":"https:\/\/dr-smith.de\/inhalt\/#organization"},"potentialAction":[{"@type":"SearchAction","target":{"@type":"EntryPoint","urlTemplate":"https:\/\/dr-smith.de\/inhalt\/?s={search_term_string}"},"query-input":{"@type":"PropertyValueSpecification","valueRequired":true,"valueName":"search_term_string"}}],"inLanguage":"de"},{"@type":"Organization","@id":"https:\/\/dr-smith.de\/inhalt\/#organization","name":"Haut\u00e4rztin Dr. Smith M\u00fcnchen","url":"https:\/\/dr-smith.de\/inhalt\/","logo":{"@type":"ImageObject","inLanguage":"de","@id":"https:\/\/dr-smith.de\/inhalt\/#\/schema\/logo\/image\/","url":"https:\/\/dr-smith.de\/inhalt\/wp-content\/uploads\/2016\/07\/Logo-Dr-Smith.gif","contentUrl":"https:\/\/dr-smith.de\/inhalt\/wp-content\/uploads\/2016\/07\/Logo-Dr-Smith.gif","width":283,"height":80,"caption":"Haut\u00e4rztin Dr. Smith M\u00fcnchen"},"image":{"@id":"https:\/\/dr-smith.de\/inhalt\/#\/schema\/logo\/image\/"}}]}},"_links":{"self":[{"href":"https:\/\/dr-smith.de\/inhalt\/wp-json\/wp\/v2\/pages\/3448","targetHints":{"allow":["GET"]}}],"collection":[{"href":"https:\/\/dr-smith.de\/inhalt\/wp-json\/wp\/v2\/pages"}],"about":[{"href":"https:\/\/dr-smith.de\/inhalt\/wp-json\/wp\/v2\/types\/page"}],"author":[{"embeddable":true,"href":"https:\/\/dr-smith.de\/inhalt\/wp-json\/wp\/v2\/users\/1"}],"replies":[{"embeddable":true,"href":"https:\/\/dr-smith.de\/inhalt\/wp-json\/wp\/v2\/comments?post=3448"}],"version-history":[{"count":10,"href":"https:\/\/dr-smith.de\/inhalt\/wp-json\/wp\/v2\/pages\/3448\/revisions"}],"predecessor-version":[{"id":3699,"href":"https:\/\/dr-smith.de\/inhalt\/wp-json\/wp\/v2\/pages\/3448\/revisions\/3699"}],"up":[{"embeddable":true,"href":"https:\/\/dr-smith.de\/inhalt\/wp-json\/wp\/v2\/pages\/96"}],"wp:attachment":[{"href":"https:\/\/dr-smith.de\/inhalt\/wp-json\/wp\/v2\/media?parent=3448"}],"curies":[{"name":"wp","href":"https:\/\/api.w.org\/{rel}","templated":true}]}}