{"id":3476,"date":"2015-08-07T13:19:19","date_gmt":"2015-08-07T11:19:19","guid":{"rendered":"http:\/\/dr-smith.de\/inhalt\/?page_id=3476"},"modified":"2025-08-29T13:05:07","modified_gmt":"2025-08-29T11:05:07","slug":"preise","status":"publish","type":"page","link":"https:\/\/dr-smith.de\/inhalt\/preise\/","title":{"rendered":"Preise"},"content":{"rendered":"\n<style type=\"text\/css\" data-created_by=\"avia_inline_auto\" id=\"style-css-av-49siuh0-51f8c6e63a5f9f2ac261c8c54eafe8b1\">\n.avia-section.av-49siuh0-51f8c6e63a5f9f2ac261c8c54eafe8b1{\nbackground-repeat:no-repeat;\nbackground-image:url(https:\/\/dr-smith.de\/inhalt\/wp-content\/uploads\/2015\/05\/Orchidee-Dr-Smith.jpg);\nbackground-position:50% 50%;\nbackground-attachment:scroll;\n}\n.avia-section.av-49siuh0-51f8c6e63a5f9f2ac261c8c54eafe8b1 .av-section-color-overlay{\nopacity:0.2;\nbackground-color:#000000;\n}\n<\/style>\n<div id='av_section_1'  class='avia-section av-49siuh0-51f8c6e63a5f9f2ac261c8c54eafe8b1 main_color avia-section-large avia-no-shadow  avia-builder-el-0  el_before_av_section  avia-builder-el-first  avia-full-stretch avia-bg-style-scroll av-section-color-overlay-active container_wrap sidebar_right'  data-section-bg-repeat='stretch'><div class=\"av-section-color-overlay-wrap\"><div class=\"av-section-color-overlay\"><\/div><div class='container av-section-cont-open' ><main  role=\"main\" itemprop=\"mainContentOfPage\"  class='template-page content  av-content-small alpha units'><div class='post-entry post-entry-type-page post-entry-3476'><div class='entry-content-wrapper clearfix'>\n\n<style type=\"text\/css\" data-created_by=\"avia_inline_auto\" id=\"style-css-av-jj40t8cz-3f8fc2ae237e01f56dc28ea0562a6f0d\">\n#top .av-special-heading.av-jj40t8cz-3f8fc2ae237e01f56dc28ea0562a6f0d{\npadding-bottom:0;\ncolor:#ffffff;\nfont-size:50px;\n}\nbody .av-special-heading.av-jj40t8cz-3f8fc2ae237e01f56dc28ea0562a6f0d .av-special-heading-tag .heading-char{\nfont-size:25px;\n}\n#top #wrap_all .av-special-heading.av-jj40t8cz-3f8fc2ae237e01f56dc28ea0562a6f0d .av-special-heading-tag{\nfont-size:50px;\n}\n.av-special-heading.av-jj40t8cz-3f8fc2ae237e01f56dc28ea0562a6f0d .special-heading-inner-border{\nborder-color:#ffffff;\n}\n.av-special-heading.av-jj40t8cz-3f8fc2ae237e01f56dc28ea0562a6f0d .av-subheading{\nfont-size:15px;\n}\n\n@media only screen and (min-width: 480px) and (max-width: 767px){ \n#top #wrap_all .av-special-heading.av-jj40t8cz-3f8fc2ae237e01f56dc28ea0562a6f0d .av-special-heading-tag{\nfont-size:0.8em;\n}\n}\n\n@media only screen and (max-width: 479px){ \n#top #wrap_all .av-special-heading.av-jj40t8cz-3f8fc2ae237e01f56dc28ea0562a6f0d .av-special-heading-tag{\nfont-size:0.8em;\n}\n}\n<\/style>\n<div  class='av-special-heading av-jj40t8cz-3f8fc2ae237e01f56dc28ea0562a6f0d av-special-heading-h1 custom-color-heading blockquote modern-quote modern-centered  avia-builder-el-1  el_before_av_hr  avia-builder-el-first  av-inherit-size'><h1 class='av-special-heading-tag '  itemprop=\"headline\"  >Preise<\/h1><div class=\"special-heading-border\"><div class=\"special-heading-inner-border\"><\/div><\/div><\/div>\n\n<style type=\"text\/css\" data-created_by=\"avia_inline_auto\" id=\"style-css-av-45se0ms-3a4f86d6abc224824e1c1acd35c35d81\">\n#top .hr.av-45se0ms-3a4f86d6abc224824e1c1acd35c35d81{\nmargin-top:30px;\nmargin-bottom:30px;\n}\n.hr.av-45se0ms-3a4f86d6abc224824e1c1acd35c35d81 .hr-inner{\nwidth:20%;\nborder-color:rgba(255,255,255,0.76);\nmax-width:45%;\n}\n.hr.av-45se0ms-3a4f86d6abc224824e1c1acd35c35d81 .av-seperator-icon{\ncolor:#ffffff;\n}\n.hr.av-45se0ms-3a4f86d6abc224824e1c1acd35c35d81 .av-seperator-icon.avia-svg-icon svg:first-child{\nfill:#ffffff;\nstroke:#ffffff;\n}\n<\/style>\n<div  class='hr av-45se0ms-3a4f86d6abc224824e1c1acd35c35d81 hr-custom  avia-builder-el-2  el_after_av_heading  avia-builder-el-last  hr-center hr-icon-yes'><span class='hr-inner inner-border-av-border-thin'><span class=\"hr-inner-style\"><\/span><\/span><span class='av-seperator-icon avia-iconfont avia-font-entypo-fontello' data-av_icon='\ue8bf' data-av_iconfont='entypo-fontello' ><\/span><span class='hr-inner inner-border-av-border-thin'><span class=\"hr-inner-style\"><\/span><\/span><\/div>\n\n<\/div><\/div><\/main><!-- close content main element --><\/div><\/div><\/div><div id='av_section_2'  class='avia-section av-43xz43o-135647433cc1c324189512195ca8ea19 main_color avia-section-small avia-no-border-styling  avia-builder-el-3  el_after_av_section  avia-builder-el-last  avia-bg-style-fixed container_wrap sidebar_right'  ><div class='container av-section-cont-open' ><div class='template-page content  av-content-small alpha units'><div class='post-entry post-entry-type-page post-entry-3476'><div class='entry-content-wrapper clearfix'>\n<div class='flex_column_table av-42ifm9g-59c13b9851ea30f81daab0cb797dde71 sc-av_one_full av-equal-height-column-flextable'>\n<style type=\"text\/css\" data-created_by=\"avia_inline_auto\" id=\"style-css-av-42ifm9g-59c13b9851ea30f81daab0cb797dde71\">\n#top .flex_column_table.av-equal-height-column-flextable.av-42ifm9g-59c13b9851ea30f81daab0cb797dde71{\nmargin-top:-60px;\nmargin-bottom:0px;\n}\n.flex_column.av-42ifm9g-59c13b9851ea30f81daab0cb797dde71{\nborder-radius:0px 0px 0px 0px;\npadding:30px 30px 30px 30px;\nbackground-color:#ffffff;\n}\n<\/style>\n<div  class='flex_column av-42ifm9g-59c13b9851ea30f81daab0cb797dde71 av_one_full  avia-builder-el-4  el_before_av_textblock  avia-builder-el-first  first no_margin flex_column_table_cell av-equal-height-column av-align-top  '     ><p>\n<style type=\"text\/css\" data-created_by=\"avia_inline_auto\" id=\"style-css-av-3sj3vj8-4c5ea15ca27c0d6dd33bc4c7a9e84b65\">\n#top .av-special-heading.av-3sj3vj8-4c5ea15ca27c0d6dd33bc4c7a9e84b65{\npadding-bottom:0;\n}\nbody .av-special-heading.av-3sj3vj8-4c5ea15ca27c0d6dd33bc4c7a9e84b65 .av-special-heading-tag .heading-char{\nfont-size:25px;\n}\n.av-special-heading.av-3sj3vj8-4c5ea15ca27c0d6dd33bc4c7a9e84b65 .av-subheading{\nfont-size:15px;\n}\n<\/style>\n<div  class='av-special-heading av-3sj3vj8-4c5ea15ca27c0d6dd33bc4c7a9e84b65 av-special-heading-h3 blockquote modern-quote  avia-builder-el-5  el_before_av_table  avia-builder-el-first '><h3 class='av-special-heading-tag '  itemprop=\"headline\"  >Preisliste-H\u00e4ufigste Anfragen und Operative Verfahren jeweils ca<\/h3><div class='av-subheading av-subheading_below'><p>Selbstzahlerpreise<\/p>\n<\/div><div class=\"special-heading-border\"><div class=\"special-heading-inner-border\"><\/div><\/div><\/div><br \/>\n<div class='avia-data-table-wrap av-3zky90k-e25b18836e2332c4614b96400aa449ac avia_scrollable_table avia-table-1'><table  class='avia-table avia-data-table avia_pricing_default  avia-builder-el-6  el_after_av_heading  avia-builder-el-last '  itemscope=\"itemscope\" itemtype=\"https:\/\/schema.org\/Table\" ><tbody><tr class='avia-heading-row'><th class=''>H\u00e4ufigste Anfragen und Operative Verfahren<\/th><th class=''><\/th><\/tr><tr class=''><td class=''>Hautkrebsfr\u00fcherkennung inkl. Auflichtmikroskopie<br \/>\nbis 35 Jahre<\/td><td class=''>60 \u20ac<\/td><\/tr><tr class=''><td class=''>Hautkrebsfr\u00fcherkennung inkl. Auflichtmikroskopie<br \/>\nab 36 Jahre<\/td><td class=''>30 \u20ac<\/td><\/tr><tr class=''><td class=''>Entfernung st\u00f6render Alterswarzen und Hautanh\u00e4ngsel (nach Aufwand und Anzahl)<\/td><td class=''>50 &#8211; 350 \u20ac<\/td><\/tr><tr class='avia-heading-row'><th class=''>Behandlung mit Botulunium Toxinbei \u00fcberm\u00e4\u00dfigem Schwitzen, Falten oder Migr\u00e4ne<\/th><th class=''><\/th><\/tr><tr class=''><td class=''>Botox Therapie von Spannungsfalten\/des \u00fcberm\u00e4\u00dfigen Achselschwitzens mit Injektionen (Dauer des Effektes 3-6 Monate): wird in der Regel von den privaten Kassen getragen. Ansonsten je Sitzung<\/td><td class=''>350\/900 \u20ac<\/td><\/tr><tr class='avia-heading-row'><th class=''>Lasertherapien<\/th><th class=''><\/th><\/tr><tr class=''><td class=''>Photoderm Therapie von geplatzten \u00c4derchen und Hautr\u00f6tungen je Sitzung<\/td><td class=''>150 &#8211; 350 \u20ac<\/td><\/tr><tr class=''><td class=''>Photodermtherapie (je Sitzung) von Altersflecken z. B. auf den Handr\u00fccken <\/td><td class=''>150 &#8211; 350 \u20ac<\/td><\/tr><tr class=''><td class=''>Nagellaser bei hartn\u00e4ckigen Nagelpilz<\/td><td class=''>ab 50 \u20ac<\/td><\/tr><tr class=''><td class=''>Dauerhafte Laserhaarentfernung mittels Diodenlaser LinScan (GME)<br \/>\nPreis je Sitzung \u2013 in der Regel sind drei Sitzungen erforderlich<\/td><td class=''><\/td><\/tr><tr class=''><td class=''>Oberlippe oder Kinn oder Augenbrauen oder Wangen<\/td><td class=''>80 \u20ac<\/td><\/tr><tr class=''><td class=''>Bikinizone (..was aus dem H\u00f6schen herausschaut)<\/td><td class=''>130 \u20ac<\/td><\/tr><tr class=''><td class=''>Brazilian (gesamte Genitalregion)<\/td><td class=''>255 \u20ac<\/td><\/tr><tr class=''><td class=''>Unterschenkel oder Oberschenkel je nach Gr\u00f6\u00dfe <\/td><td class=''>ab 255 \u20ac (Mindestpreis)<\/td><\/tr><tr class='avia-heading-row'><th class=''>Medizinische Fachkosmetik (Auswahl)<\/th><th class=''><\/th><\/tr><tr class=''><td class=''>Akne Therapie z. B. Ausreinigung ab<\/td><td class=''>55 \u20ac<\/td><\/tr><tr class=''><td class=''>Fruchts\u00e4ure Peeling inkl. Ausreinigung\/Aknetoilette wird von den privaten Krankenkassen oft getragen sonst<\/td><td class=''>75 \u20ac<\/td><\/tr><tr class=''><td class=''>TCA Peeling (z. B. f\u00fcr Aknenarben, F\u00e4ltchen)<\/td><td class=''>85 \u20ac<\/td><\/tr><\/tbody><\/table><\/div><\/p><\/div><\/div><!--close column table wrapper. Autoclose: 1 --><section  class='av_textblock_section av-1zzt5g-ed85daf9dbcd031ba2b7f01cf377557d '   itemscope=\"itemscope\" itemtype=\"https:\/\/schema.org\/CreativeWork\" ><div class='avia_textblock'  itemprop=\"text\" ><p>F\u00fcr privat versicherte Patienten erfolgt die Abrechnung nach der Geb\u00fchrenordnung f\u00fcr \u00c4rzte (GO\u00c4) damit eine Erstattung durch die Versicherung erfolgen kann. Dadurch ergeben sich in der Regel abweichende Kosten.<\/p>\n<\/div><\/section>\n<\/div><\/div><\/div><!-- close content main div --><\/div><\/div><div id='after_section_2'  class='main_color av_default_container_wrap container_wrap sidebar_right'  ><div class='container av-section-cont-open' ><div class='template-page content  av-content-small alpha units'><div class='post-entry post-entry-type-page post-entry-3476'><div class='entry-content-wrapper clearfix'>\n","protected":false},"excerpt":{"rendered":"","protected":false},"author":1,"featured_media":3374,"parent":0,"menu_order":0,"comment_status":"open","ping_status":"open","template":"","meta":{"footnotes":""},"class_list":["post-3476","page","type-page","status-publish","has-post-thumbnail","hentry"],"yoast_head":"<!-- This site is optimized with the Yoast SEO plugin v27.0 - https:\/\/yoast.com\/product\/yoast-seo-wordpress\/ -->\n<title>Preise - Hautarztpraxis \/ Dermatologe Dr. Smith aus Schwabing \/ M\u00fcnchen<\/title>\n<meta name=\"robots\" content=\"index, follow, max-snippet:-1, max-image-preview:large, max-video-preview:-1\" \/>\n<link rel=\"canonical\" href=\"https:\/\/dr-smith.de\/inhalt\/preise\/\" \/>\n<meta property=\"og:locale\" content=\"de_DE\" \/>\n<meta property=\"og:type\" content=\"article\" \/>\n<meta property=\"og:title\" content=\"Preise - Hautarztpraxis \/ Dermatologe Dr. Smith aus Schwabing \/ M\u00fcnchen\" \/>\n<meta property=\"og:url\" content=\"https:\/\/dr-smith.de\/inhalt\/preise\/\" \/>\n<meta property=\"og:site_name\" content=\"Hautarztpraxis \/ Dermatologe Dr. Smith aus Schwabing \/ M\u00fcnchen\" \/>\n<meta property=\"article:modified_time\" content=\"2025-08-29T11:05:07+00:00\" \/>\n<meta property=\"og:image\" content=\"https:\/\/dr-smith.de\/inhalt\/wp-content\/uploads\/2015\/05\/Laserbehandlung-Hautarzt.jpg\" \/>\n\t<meta property=\"og:image:width\" content=\"1200\" \/>\n\t<meta property=\"og:image:height\" content=\"803\" \/>\n\t<meta property=\"og:image:type\" content=\"image\/jpeg\" \/>\n<meta name=\"twitter:card\" content=\"summary_large_image\" \/>\n<meta name=\"twitter:label1\" content=\"Gesch\u00e4tzte Lesezeit\" \/>\n\t<meta name=\"twitter:data1\" content=\"2\u00a0Minuten\" \/>\n<script type=\"application\/ld+json\" class=\"yoast-schema-graph\">{\"@context\":\"https:\/\/schema.org\",\"@graph\":[{\"@type\":\"WebPage\",\"@id\":\"https:\/\/dr-smith.de\/inhalt\/preise\/\",\"url\":\"https:\/\/dr-smith.de\/inhalt\/preise\/\",\"name\":\"Preise - Hautarztpraxis \/ Dermatologe Dr. Smith aus Schwabing \/ M\u00fcnchen\",\"isPartOf\":{\"@id\":\"https:\/\/dr-smith.de\/inhalt\/#website\"},\"primaryImageOfPage\":{\"@id\":\"https:\/\/dr-smith.de\/inhalt\/preise\/#primaryimage\"},\"image\":{\"@id\":\"https:\/\/dr-smith.de\/inhalt\/preise\/#primaryimage\"},\"thumbnailUrl\":\"https:\/\/dr-smith.de\/inhalt\/wp-content\/uploads\/2015\/05\/Laserbehandlung-Hautarzt.jpg\",\"datePublished\":\"2015-08-07T11:19:19+00:00\",\"dateModified\":\"2025-08-29T11:05:07+00:00\",\"breadcrumb\":{\"@id\":\"https:\/\/dr-smith.de\/inhalt\/preise\/#breadcrumb\"},\"inLanguage\":\"de\",\"potentialAction\":[{\"@type\":\"ReadAction\",\"target\":[\"https:\/\/dr-smith.de\/inhalt\/preise\/\"]}]},{\"@type\":\"ImageObject\",\"inLanguage\":\"de\",\"@id\":\"https:\/\/dr-smith.de\/inhalt\/preise\/#primaryimage\",\"url\":\"https:\/\/dr-smith.de\/inhalt\/wp-content\/uploads\/2015\/05\/Laserbehandlung-Hautarzt.jpg\",\"contentUrl\":\"https:\/\/dr-smith.de\/inhalt\/wp-content\/uploads\/2015\/05\/Laserbehandlung-Hautarzt.jpg\",\"width\":1200,\"height\":803,\"caption\":\"Ihr Hautarzt \/ Dermatologe in M\u00fcnchen \/ Schwabing\"},{\"@type\":\"BreadcrumbList\",\"@id\":\"https:\/\/dr-smith.de\/inhalt\/preise\/#breadcrumb\",\"itemListElement\":[{\"@type\":\"ListItem\",\"position\":1,\"name\":\"Startseite\",\"item\":\"https:\/\/dr-smith.de\/inhalt\/\"},{\"@type\":\"ListItem\",\"position\":2,\"name\":\"Preise\"}]},{\"@type\":\"WebSite\",\"@id\":\"https:\/\/dr-smith.de\/inhalt\/#website\",\"url\":\"https:\/\/dr-smith.de\/inhalt\/\",\"name\":\"Hautarztpraxis Dr. Smith aus Schwabing\/M\u00fcnchen\",\"description\":\"Ihr Hautarzt f\u00fcr Dermatologie, Venerologie, Allergologie, Lasermedizin &amp; \u00c4sthetische Therapien\",\"publisher\":{\"@id\":\"https:\/\/dr-smith.de\/inhalt\/#organization\"},\"potentialAction\":[{\"@type\":\"SearchAction\",\"target\":{\"@type\":\"EntryPoint\",\"urlTemplate\":\"https:\/\/dr-smith.de\/inhalt\/?s={search_term_string}\"},\"query-input\":{\"@type\":\"PropertyValueSpecification\",\"valueRequired\":true,\"valueName\":\"search_term_string\"}}],\"inLanguage\":\"de\"},{\"@type\":\"Organization\",\"@id\":\"https:\/\/dr-smith.de\/inhalt\/#organization\",\"name\":\"Haut\u00e4rztin Dr. Smith M\u00fcnchen\",\"url\":\"https:\/\/dr-smith.de\/inhalt\/\",\"logo\":{\"@type\":\"ImageObject\",\"inLanguage\":\"de\",\"@id\":\"https:\/\/dr-smith.de\/inhalt\/#\/schema\/logo\/image\/\",\"url\":\"https:\/\/dr-smith.de\/inhalt\/wp-content\/uploads\/2016\/07\/Logo-Dr-Smith.gif\",\"contentUrl\":\"https:\/\/dr-smith.de\/inhalt\/wp-content\/uploads\/2016\/07\/Logo-Dr-Smith.gif\",\"width\":283,\"height\":80,\"caption\":\"Haut\u00e4rztin Dr. Smith M\u00fcnchen\"},\"image\":{\"@id\":\"https:\/\/dr-smith.de\/inhalt\/#\/schema\/logo\/image\/\"}}]}<\/script>\n<!-- \/ Yoast SEO plugin. -->","yoast_head_json":{"title":"Preise - Hautarztpraxis \/ Dermatologe Dr. Smith aus Schwabing \/ M\u00fcnchen","robots":{"index":"index","follow":"follow","max-snippet":"max-snippet:-1","max-image-preview":"max-image-preview:large","max-video-preview":"max-video-preview:-1"},"canonical":"https:\/\/dr-smith.de\/inhalt\/preise\/","og_locale":"de_DE","og_type":"article","og_title":"Preise - Hautarztpraxis \/ Dermatologe Dr. Smith aus Schwabing \/ M\u00fcnchen","og_url":"https:\/\/dr-smith.de\/inhalt\/preise\/","og_site_name":"Hautarztpraxis \/ Dermatologe Dr. Smith aus Schwabing \/ M\u00fcnchen","article_modified_time":"2025-08-29T11:05:07+00:00","og_image":[{"width":1200,"height":803,"url":"https:\/\/dr-smith.de\/inhalt\/wp-content\/uploads\/2015\/05\/Laserbehandlung-Hautarzt.jpg","type":"image\/jpeg"}],"twitter_card":"summary_large_image","twitter_misc":{"Gesch\u00e4tzte Lesezeit":"2\u00a0Minuten"},"schema":{"@context":"https:\/\/schema.org","@graph":[{"@type":"WebPage","@id":"https:\/\/dr-smith.de\/inhalt\/preise\/","url":"https:\/\/dr-smith.de\/inhalt\/preise\/","name":"Preise - Hautarztpraxis \/ Dermatologe Dr. Smith aus Schwabing \/ M\u00fcnchen","isPartOf":{"@id":"https:\/\/dr-smith.de\/inhalt\/#website"},"primaryImageOfPage":{"@id":"https:\/\/dr-smith.de\/inhalt\/preise\/#primaryimage"},"image":{"@id":"https:\/\/dr-smith.de\/inhalt\/preise\/#primaryimage"},"thumbnailUrl":"https:\/\/dr-smith.de\/inhalt\/wp-content\/uploads\/2015\/05\/Laserbehandlung-Hautarzt.jpg","datePublished":"2015-08-07T11:19:19+00:00","dateModified":"2025-08-29T11:05:07+00:00","breadcrumb":{"@id":"https:\/\/dr-smith.de\/inhalt\/preise\/#breadcrumb"},"inLanguage":"de","potentialAction":[{"@type":"ReadAction","target":["https:\/\/dr-smith.de\/inhalt\/preise\/"]}]},{"@type":"ImageObject","inLanguage":"de","@id":"https:\/\/dr-smith.de\/inhalt\/preise\/#primaryimage","url":"https:\/\/dr-smith.de\/inhalt\/wp-content\/uploads\/2015\/05\/Laserbehandlung-Hautarzt.jpg","contentUrl":"https:\/\/dr-smith.de\/inhalt\/wp-content\/uploads\/2015\/05\/Laserbehandlung-Hautarzt.jpg","width":1200,"height":803,"caption":"Ihr Hautarzt \/ Dermatologe in M\u00fcnchen \/ Schwabing"},{"@type":"BreadcrumbList","@id":"https:\/\/dr-smith.de\/inhalt\/preise\/#breadcrumb","itemListElement":[{"@type":"ListItem","position":1,"name":"Startseite","item":"https:\/\/dr-smith.de\/inhalt\/"},{"@type":"ListItem","position":2,"name":"Preise"}]},{"@type":"WebSite","@id":"https:\/\/dr-smith.de\/inhalt\/#website","url":"https:\/\/dr-smith.de\/inhalt\/","name":"Hautarztpraxis Dr. Smith aus Schwabing\/M\u00fcnchen","description":"Ihr Hautarzt f\u00fcr Dermatologie, Venerologie, Allergologie, Lasermedizin &amp; \u00c4sthetische Therapien","publisher":{"@id":"https:\/\/dr-smith.de\/inhalt\/#organization"},"potentialAction":[{"@type":"SearchAction","target":{"@type":"EntryPoint","urlTemplate":"https:\/\/dr-smith.de\/inhalt\/?s={search_term_string}"},"query-input":{"@type":"PropertyValueSpecification","valueRequired":true,"valueName":"search_term_string"}}],"inLanguage":"de"},{"@type":"Organization","@id":"https:\/\/dr-smith.de\/inhalt\/#organization","name":"Haut\u00e4rztin Dr. Smith M\u00fcnchen","url":"https:\/\/dr-smith.de\/inhalt\/","logo":{"@type":"ImageObject","inLanguage":"de","@id":"https:\/\/dr-smith.de\/inhalt\/#\/schema\/logo\/image\/","url":"https:\/\/dr-smith.de\/inhalt\/wp-content\/uploads\/2016\/07\/Logo-Dr-Smith.gif","contentUrl":"https:\/\/dr-smith.de\/inhalt\/wp-content\/uploads\/2016\/07\/Logo-Dr-Smith.gif","width":283,"height":80,"caption":"Haut\u00e4rztin Dr. Smith M\u00fcnchen"},"image":{"@id":"https:\/\/dr-smith.de\/inhalt\/#\/schema\/logo\/image\/"}}]}},"_links":{"self":[{"href":"https:\/\/dr-smith.de\/inhalt\/wp-json\/wp\/v2\/pages\/3476","targetHints":{"allow":["GET"]}}],"collection":[{"href":"https:\/\/dr-smith.de\/inhalt\/wp-json\/wp\/v2\/pages"}],"about":[{"href":"https:\/\/dr-smith.de\/inhalt\/wp-json\/wp\/v2\/types\/page"}],"author":[{"embeddable":true,"href":"https:\/\/dr-smith.de\/inhalt\/wp-json\/wp\/v2\/users\/1"}],"replies":[{"embeddable":true,"href":"https:\/\/dr-smith.de\/inhalt\/wp-json\/wp\/v2\/comments?post=3476"}],"version-history":[{"count":67,"href":"https:\/\/dr-smith.de\/inhalt\/wp-json\/wp\/v2\/pages\/3476\/revisions"}],"predecessor-version":[{"id":4231,"href":"https:\/\/dr-smith.de\/inhalt\/wp-json\/wp\/v2\/pages\/3476\/revisions\/4231"}],"wp:featuredmedia":[{"embeddable":true,"href":"https:\/\/dr-smith.de\/inhalt\/wp-json\/wp\/v2\/media\/3374"}],"wp:attachment":[{"href":"https:\/\/dr-smith.de\/inhalt\/wp-json\/wp\/v2\/media?parent=3476"}],"curies":[{"name":"wp","href":"https:\/\/api.w.org\/{rel}","templated":true}]}}