{"id":3502,"date":"2015-08-07T14:03:49","date_gmt":"2015-08-07T12:03:49","guid":{"rendered":"http:\/\/dr-smith.de\/inhalt\/?page_id=3502"},"modified":"2018-07-02T10:47:13","modified_gmt":"2018-07-02T08:47:13","slug":"links","status":"publish","type":"page","link":"https:\/\/dr-smith.de\/inhalt\/links\/","title":{"rendered":"Links"},"content":{"rendered":"\n<style type=\"text\/css\" data-created_by=\"avia_inline_auto\" id=\"style-css-av-mkiz3y-3f9b4b13b12ae455fb560d6f9c857382\">\n.avia-section.av-mkiz3y-3f9b4b13b12ae455fb560d6f9c857382{\nbackground-repeat:no-repeat;\nbackground-image:url(https:\/\/dr-smith.de\/inhalt\/wp-content\/uploads\/2015\/05\/Liege-Hautarzt.jpg);\nbackground-position:50% 100%;\nbackground-attachment:scroll;\n}\n.avia-section.av-mkiz3y-3f9b4b13b12ae455fb560d6f9c857382 .av-section-color-overlay{\nopacity:0.2;\nbackground-color:#000000;\n}\n<\/style>\n<div id='av_section_1'  class='avia-section av-mkiz3y-3f9b4b13b12ae455fb560d6f9c857382 main_color avia-section-large avia-no-shadow  avia-builder-el-0  el_before_av_section  avia-builder-el-first  avia-full-stretch avia-bg-style-scroll av-section-color-overlay-active container_wrap sidebar_right'  data-section-bg-repeat='stretch'><div class=\"av-section-color-overlay-wrap\"><div class=\"av-section-color-overlay\"><\/div><div class='container av-section-cont-open' ><main  role=\"main\" itemprop=\"mainContentOfPage\"  class='template-page content  av-content-small alpha units'><div class='post-entry post-entry-type-page post-entry-3502'><div class='entry-content-wrapper clearfix'>\n\n<style type=\"text\/css\" data-created_by=\"avia_inline_auto\" id=\"style-css-av-jj40to7i-02ec4dd30dbaff653abffeba3f6c96d3\">\n#top .av-special-heading.av-jj40to7i-02ec4dd30dbaff653abffeba3f6c96d3{\npadding-bottom:0;\ncolor:#ffffff;\nfont-size:50px;\n}\nbody .av-special-heading.av-jj40to7i-02ec4dd30dbaff653abffeba3f6c96d3 .av-special-heading-tag .heading-char{\nfont-size:25px;\n}\n#top #wrap_all .av-special-heading.av-jj40to7i-02ec4dd30dbaff653abffeba3f6c96d3 .av-special-heading-tag{\nfont-size:50px;\n}\n.av-special-heading.av-jj40to7i-02ec4dd30dbaff653abffeba3f6c96d3 .special-heading-inner-border{\nborder-color:#ffffff;\n}\n.av-special-heading.av-jj40to7i-02ec4dd30dbaff653abffeba3f6c96d3 .av-subheading{\nfont-size:15px;\n}\n\n@media only screen and (min-width: 480px) and (max-width: 767px){ \n#top #wrap_all .av-special-heading.av-jj40to7i-02ec4dd30dbaff653abffeba3f6c96d3 .av-special-heading-tag{\nfont-size:0.8em;\n}\n}\n\n@media only screen and (max-width: 479px){ \n#top #wrap_all .av-special-heading.av-jj40to7i-02ec4dd30dbaff653abffeba3f6c96d3 .av-special-heading-tag{\nfont-size:0.8em;\n}\n}\n<\/style>\n<div  class='av-special-heading av-jj40to7i-02ec4dd30dbaff653abffeba3f6c96d3 av-special-heading-h1 custom-color-heading blockquote modern-quote modern-centered  avia-builder-el-1  el_before_av_hr  avia-builder-el-first  av-inherit-size'><h1 class='av-special-heading-tag '  itemprop=\"headline\"  >Links<\/h1><div class='av_custom_color av-subheading av-subheading_below'><p>Zu Freunden und Kollegen<\/p>\n<\/div><div class=\"special-heading-border\"><div class=\"special-heading-inner-border\"><\/div><\/div><\/div>\n\n<style type=\"text\/css\" data-created_by=\"avia_inline_auto\" id=\"style-css-av-it3af2-e128e3e7afeb9b8daced90434625eb80\">\n#top .hr.av-it3af2-e128e3e7afeb9b8daced90434625eb80{\nmargin-top:30px;\nmargin-bottom:30px;\n}\n.hr.av-it3af2-e128e3e7afeb9b8daced90434625eb80 .hr-inner{\nwidth:20%;\nborder-color:rgba(255,255,255,0.76);\nmax-width:45%;\n}\n.hr.av-it3af2-e128e3e7afeb9b8daced90434625eb80 .av-seperator-icon{\ncolor:#ffffff;\n}\n.hr.av-it3af2-e128e3e7afeb9b8daced90434625eb80 .av-seperator-icon.avia-svg-icon svg:first-child{\nfill:#ffffff;\nstroke:#ffffff;\n}\n<\/style>\n<div  class='hr av-it3af2-e128e3e7afeb9b8daced90434625eb80 hr-custom  avia-builder-el-2  el_after_av_heading  avia-builder-el-last  hr-center hr-icon-yes'><span class='hr-inner inner-border-av-border-thin'><span class=\"hr-inner-style\"><\/span><\/span><span class='av-seperator-icon avia-iconfont avia-font-entypo-fontello' data-av_icon='\ue8bf' data-av_iconfont='entypo-fontello' ><\/span><span class='hr-inner inner-border-av-border-thin'><span class=\"hr-inner-style\"><\/span><\/span><\/div>\n<\/div><\/div><\/main><!-- close content main element --><\/div><\/div><\/div>\n<style type=\"text\/css\" data-created_by=\"avia_inline_auto\" id=\"style-css-av-hkdf66-d3d97b3f57c18ef022b8be078249904d\">\n.avia-section.av-hkdf66-d3d97b3f57c18ef022b8be078249904d{\nbackground-color:#ffffff;\nbackground-image:unset;\n}\n<\/style>\n<div id='av_section_2'  class='avia-section av-hkdf66-d3d97b3f57c18ef022b8be078249904d main_color avia-section-small avia-no-border-styling  avia-builder-el-3  el_after_av_section  avia-builder-el-last  avia-bg-style-fixed container_wrap sidebar_right'  ><div class='container av-section-cont-open' ><div class='template-page content  av-content-small alpha units'><div class='post-entry post-entry-type-page post-entry-3502'><div class='entry-content-wrapper clearfix'>\n<div class='flex_column_table av-fexkim-0ad3f75ca16e747b7ce54ccadc525852 sc-av_one_third av-equal-height-column-flextable'>\n<style type=\"text\/css\" data-created_by=\"avia_inline_auto\" id=\"style-css-av-fexkim-0ad3f75ca16e747b7ce54ccadc525852\">\n#top .flex_column_table.av-equal-height-column-flextable.av-fexkim-0ad3f75ca16e747b7ce54ccadc525852{\nmargin-top:-60px;\nmargin-bottom:0px;\n}\n.flex_column.av-fexkim-0ad3f75ca16e747b7ce54ccadc525852{\nborder-radius:0px 0px 0px 0px;\npadding:0px 30px 30px 30px;\nbackground-color:#ffffff;\n}\n<\/style>\n<div  class='flex_column av-fexkim-0ad3f75ca16e747b7ce54ccadc525852 av_one_third  avia-builder-el-4  el_before_av_one_third  avia-builder-el-first  first no_margin flex_column_table_cell av-equal-height-column av-align-top  '     ><p>\n<style type=\"text\/css\" data-created_by=\"avia_inline_auto\" id=\"style-css-av-dkpb6m-1bbe1a2f36bb968395ea8899df802f9d\">\n.avia-image-container.av-dkpb6m-1bbe1a2f36bb968395ea8899df802f9d img.avia_image{\nbox-shadow:none;\n}\n.avia-image-container.av-dkpb6m-1bbe1a2f36bb968395ea8899df802f9d .av-image-caption-overlay-center{\ncolor:#ffffff;\n}\n<\/style>\n<div  class='avia-image-container av-dkpb6m-1bbe1a2f36bb968395ea8899df802f9d av-styling- avia-align-left  avia-builder-el-5  el_before_av_textblock  avia-builder-el-first '   itemprop=\"image\" itemscope=\"itemscope\" itemtype=\"https:\/\/schema.org\/ImageObject\" ><div class=\"avia-image-container-inner\"><div class=\"avia-image-overlay-wrap\"><img decoding=\"async\" fetchpriority=\"high\" class='wp-image-3525 avia-img-lazy-loading-not-3525 avia_image ' src=\"https:\/\/dr-smith.de\/inhalt\/wp-content\/uploads\/2015\/08\/Logos-Netzer.gif\" alt='' title='Logos-Netzer'  height=\"149\" width=\"300\"  itemprop=\"thumbnailUrl\"  \/><\/div><\/div><\/div><br \/>\n<section  class='av_textblock_section av-bquc8u-2b1214dee78de0560871f6177791d9d2 '   itemscope=\"itemscope\" itemtype=\"https:\/\/schema.org\/CreativeWork\" ><div class='avia_textblock'  itemprop=\"text\" ><p>Dr. med. Florian J. Netzer<br \/>\nHerzogstrasse 58<br \/>\n80803 M\u00fcnchen<br \/>\n<a href=\"http:\/\/www.venenfrei.com\" target=\"_blank\" rel=\"noopener\">www.venenfrei.com<\/a><\/p>\n<\/div><\/section><\/p><\/div>\n<style type=\"text\/css\" data-created_by=\"avia_inline_auto\" id=\"style-css-av-bkkuym-eca3386e0da88f5872379e6d8179aa9e\">\n#top .flex_column_table.av-equal-height-column-flextable.av-bkkuym-eca3386e0da88f5872379e6d8179aa9e{\nmargin-top:-60px;\nmargin-bottom:0px;\n}\n.flex_column.av-bkkuym-eca3386e0da88f5872379e6d8179aa9e{\nborder-radius:0px 0px 0px 0px;\npadding:0px 0px 0px 0px;\nbackground-color:#ffffff;\n}\n<\/style>\n<div  class='flex_column av-bkkuym-eca3386e0da88f5872379e6d8179aa9e av_one_third  avia-builder-el-7  el_after_av_one_third  el_before_av_one_third  no_margin flex_column_table_cell av-equal-height-column av-align-top av-zero-column-padding  '     ><p>\n<style type=\"text\/css\" data-created_by=\"avia_inline_auto\" id=\"style-css-av-90sgmm-9822aa7c8ac83065db000d553ace6f12\">\n.avia-image-container.av-90sgmm-9822aa7c8ac83065db000d553ace6f12 img.avia_image{\nbox-shadow:none;\n}\n.avia-image-container.av-90sgmm-9822aa7c8ac83065db000d553ace6f12 .av-image-caption-overlay-center{\ncolor:#ffffff;\n}\n<\/style>\n<div  class='avia-image-container av-90sgmm-9822aa7c8ac83065db000d553ace6f12 av-styling- avia-align-left  avia-builder-el-8  el_before_av_textblock  avia-builder-el-first '   itemprop=\"image\" itemscope=\"itemscope\" itemtype=\"https:\/\/schema.org\/ImageObject\" ><div class=\"avia-image-container-inner\"><div class=\"avia-image-overlay-wrap\"><img decoding=\"async\" fetchpriority=\"high\" class='wp-image-3526 avia-img-lazy-loading-not-3526 avia_image ' src=\"https:\/\/dr-smith.de\/inhalt\/wp-content\/uploads\/2015\/08\/Logos-zahnplanet.gif\" alt='' title='Logos-zahnplanet'  height=\"149\" width=\"300\"  itemprop=\"thumbnailUrl\"  \/><\/div><\/div><\/div><br \/>\n<section  class='av_textblock_section av-6v8r32-0692b52311adc5f0d7c29d14b0ed991f '   itemscope=\"itemscope\" itemtype=\"https:\/\/schema.org\/CreativeWork\" ><div class='avia_textblock'  itemprop=\"text\" ><p>Zahnplanet \u2013 Zahnarztpraxis f\u00fcr Kinder<br \/>\nDr. Hancock-Diener &amp; Kollegen<br \/>\nFriedrichstr. 33<br \/>\n80801 M\u00fcnchen<br \/>\n<a href=\"http:\/\/www.zahnplanet.de\" target=\"_blank\" rel=\"noopener\">www.zahnplanet.de<\/a><\/p>\n<\/div><\/section><\/p><\/div>\n<style type=\"text\/css\" data-created_by=\"avia_inline_auto\" id=\"style-css-av-5kcnha-beb3cbd1c4e6a6a38712c0d4fd53a2aa\">\n#top .flex_column_table.av-equal-height-column-flextable.av-5kcnha-beb3cbd1c4e6a6a38712c0d4fd53a2aa{\nmargin-top:-60px;\nmargin-bottom:0px;\n}\n.flex_column.av-5kcnha-beb3cbd1c4e6a6a38712c0d4fd53a2aa{\nborder-radius:0px 0px 0px 0px;\npadding:0px 0px 0px 0px;\nbackground-color:#ffffff;\n}\n<\/style>\n<div  class='flex_column av-5kcnha-beb3cbd1c4e6a6a38712c0d4fd53a2aa av_one_third  avia-builder-el-10  el_after_av_one_third  avia-builder-el-last  no_margin flex_column_table_cell av-equal-height-column av-align-top av-zero-column-padding  '     ><p>\n<style type=\"text\/css\" data-created_by=\"avia_inline_auto\" id=\"style-css-av-45xg9a-fdcce920dd5a7df48ce35a581d03e946\">\n.avia-image-container.av-45xg9a-fdcce920dd5a7df48ce35a581d03e946 img.avia_image{\nbox-shadow:none;\n}\n.avia-image-container.av-45xg9a-fdcce920dd5a7df48ce35a581d03e946 .av-image-caption-overlay-center{\ncolor:#ffffff;\n}\n<\/style>\n<div  class='avia-image-container av-45xg9a-fdcce920dd5a7df48ce35a581d03e946 av-styling- avia-align-left  avia-builder-el-11  el_before_av_textblock  avia-builder-el-first '   itemprop=\"image\" itemscope=\"itemscope\" itemtype=\"https:\/\/schema.org\/ImageObject\" ><div class=\"avia-image-container-inner\"><div class=\"avia-image-overlay-wrap\"><img decoding=\"async\" fetchpriority=\"high\" class='wp-image-3524 avia-img-lazy-loading-not-3524 avia_image ' src=\"https:\/\/dr-smith.de\/inhalt\/wp-content\/uploads\/2015\/08\/Logos-hankog.gif\" alt='' title='Logos-hankog'  height=\"149\" width=\"300\"  itemprop=\"thumbnailUrl\"  \/><\/div><\/div><\/div><br \/>\n<section  class='av_textblock_section av-2a46ge-82db66dd89851ee870c51d2bafe41e1b '   itemscope=\"itemscope\" itemtype=\"https:\/\/schema.org\/CreativeWork\" ><div class='avia_textblock'  itemprop=\"text\" ><p>Dr. Birte Hancock-Diener \/ Dr. Irene Jahn<br \/>\nFriedrichstrasse 33<br \/>\nD-80801 M\u00fcnchen<br \/>\n<a href=\"http:\/\/www.dr-hancock.de\" target=\"_blank\" rel=\"noopener\">www.dr-hancock.de<\/a><\/p>\n<\/div><\/section><\/p><\/div><\/div><!--close column table wrapper. Autoclose: 1 -->\n<\/div><\/div><\/div><!-- close content main div --><\/div><\/div><div id='after_section_2'  class='main_color av_default_container_wrap container_wrap sidebar_right'  ><div class='container av-section-cont-open' ><div class='template-page content  av-content-small alpha units'><div class='post-entry post-entry-type-page post-entry-3502'><div class='entry-content-wrapper clearfix'><\/p>\n","protected":false},"excerpt":{"rendered":"","protected":false},"author":1,"featured_media":0,"parent":0,"menu_order":0,"comment_status":"open","ping_status":"open","template":"","meta":{"footnotes":""},"class_list":["post-3502","page","type-page","status-publish","hentry"],"yoast_head":"<!-- This site is optimized with the Yoast SEO plugin v27.0 - https:\/\/yoast.com\/product\/yoast-seo-wordpress\/ -->\n<title>Links - Hautarztpraxis \/ Dermatologe Dr. Smith aus Schwabing \/ M\u00fcnchen<\/title>\n<meta name=\"robots\" content=\"index, follow, max-snippet:-1, max-image-preview:large, max-video-preview:-1\" \/>\n<link rel=\"canonical\" href=\"https:\/\/dr-smith.de\/inhalt\/links\/\" \/>\n<meta property=\"og:locale\" content=\"de_DE\" \/>\n<meta property=\"og:type\" content=\"article\" \/>\n<meta property=\"og:title\" content=\"Links - Hautarztpraxis \/ Dermatologe Dr. Smith aus Schwabing \/ M\u00fcnchen\" \/>\n<meta property=\"og:url\" content=\"https:\/\/dr-smith.de\/inhalt\/links\/\" \/>\n<meta property=\"og:site_name\" content=\"Hautarztpraxis \/ Dermatologe Dr. Smith aus Schwabing \/ M\u00fcnchen\" \/>\n<meta property=\"article:modified_time\" content=\"2018-07-02T08:47:13+00:00\" \/>\n<meta name=\"twitter:card\" content=\"summary_large_image\" \/>\n<meta name=\"twitter:label1\" content=\"Gesch\u00e4tzte Lesezeit\" \/>\n\t<meta name=\"twitter:data1\" content=\"3\u00a0Minuten\" \/>\n<script type=\"application\/ld+json\" class=\"yoast-schema-graph\">{\"@context\":\"https:\/\/schema.org\",\"@graph\":[{\"@type\":\"WebPage\",\"@id\":\"https:\/\/dr-smith.de\/inhalt\/links\/\",\"url\":\"https:\/\/dr-smith.de\/inhalt\/links\/\",\"name\":\"Links - Hautarztpraxis \/ Dermatologe Dr. Smith aus Schwabing \/ M\u00fcnchen\",\"isPartOf\":{\"@id\":\"https:\/\/dr-smith.de\/inhalt\/#website\"},\"datePublished\":\"2015-08-07T12:03:49+00:00\",\"dateModified\":\"2018-07-02T08:47:13+00:00\",\"breadcrumb\":{\"@id\":\"https:\/\/dr-smith.de\/inhalt\/links\/#breadcrumb\"},\"inLanguage\":\"de\",\"potentialAction\":[{\"@type\":\"ReadAction\",\"target\":[\"https:\/\/dr-smith.de\/inhalt\/links\/\"]}]},{\"@type\":\"BreadcrumbList\",\"@id\":\"https:\/\/dr-smith.de\/inhalt\/links\/#breadcrumb\",\"itemListElement\":[{\"@type\":\"ListItem\",\"position\":1,\"name\":\"Startseite\",\"item\":\"https:\/\/dr-smith.de\/inhalt\/\"},{\"@type\":\"ListItem\",\"position\":2,\"name\":\"Links\"}]},{\"@type\":\"WebSite\",\"@id\":\"https:\/\/dr-smith.de\/inhalt\/#website\",\"url\":\"https:\/\/dr-smith.de\/inhalt\/\",\"name\":\"Hautarztpraxis Dr. Smith aus Schwabing\/M\u00fcnchen\",\"description\":\"Ihr Hautarzt f\u00fcr Dermatologie, Venerologie, Allergologie, Lasermedizin &amp; \u00c4sthetische Therapien\",\"publisher\":{\"@id\":\"https:\/\/dr-smith.de\/inhalt\/#organization\"},\"potentialAction\":[{\"@type\":\"SearchAction\",\"target\":{\"@type\":\"EntryPoint\",\"urlTemplate\":\"https:\/\/dr-smith.de\/inhalt\/?s={search_term_string}\"},\"query-input\":{\"@type\":\"PropertyValueSpecification\",\"valueRequired\":true,\"valueName\":\"search_term_string\"}}],\"inLanguage\":\"de\"},{\"@type\":\"Organization\",\"@id\":\"https:\/\/dr-smith.de\/inhalt\/#organization\",\"name\":\"Haut\u00e4rztin Dr. Smith M\u00fcnchen\",\"url\":\"https:\/\/dr-smith.de\/inhalt\/\",\"logo\":{\"@type\":\"ImageObject\",\"inLanguage\":\"de\",\"@id\":\"https:\/\/dr-smith.de\/inhalt\/#\/schema\/logo\/image\/\",\"url\":\"https:\/\/dr-smith.de\/inhalt\/wp-content\/uploads\/2016\/07\/Logo-Dr-Smith.gif\",\"contentUrl\":\"https:\/\/dr-smith.de\/inhalt\/wp-content\/uploads\/2016\/07\/Logo-Dr-Smith.gif\",\"width\":283,\"height\":80,\"caption\":\"Haut\u00e4rztin Dr. Smith M\u00fcnchen\"},\"image\":{\"@id\":\"https:\/\/dr-smith.de\/inhalt\/#\/schema\/logo\/image\/\"}}]}<\/script>\n<!-- \/ Yoast SEO plugin. -->","yoast_head_json":{"title":"Links - Hautarztpraxis \/ Dermatologe Dr. Smith aus Schwabing \/ M\u00fcnchen","robots":{"index":"index","follow":"follow","max-snippet":"max-snippet:-1","max-image-preview":"max-image-preview:large","max-video-preview":"max-video-preview:-1"},"canonical":"https:\/\/dr-smith.de\/inhalt\/links\/","og_locale":"de_DE","og_type":"article","og_title":"Links - Hautarztpraxis \/ Dermatologe Dr. Smith aus Schwabing \/ M\u00fcnchen","og_url":"https:\/\/dr-smith.de\/inhalt\/links\/","og_site_name":"Hautarztpraxis \/ Dermatologe Dr. Smith aus Schwabing \/ M\u00fcnchen","article_modified_time":"2018-07-02T08:47:13+00:00","twitter_card":"summary_large_image","twitter_misc":{"Gesch\u00e4tzte Lesezeit":"3\u00a0Minuten"},"schema":{"@context":"https:\/\/schema.org","@graph":[{"@type":"WebPage","@id":"https:\/\/dr-smith.de\/inhalt\/links\/","url":"https:\/\/dr-smith.de\/inhalt\/links\/","name":"Links - Hautarztpraxis \/ Dermatologe Dr. Smith aus Schwabing \/ M\u00fcnchen","isPartOf":{"@id":"https:\/\/dr-smith.de\/inhalt\/#website"},"datePublished":"2015-08-07T12:03:49+00:00","dateModified":"2018-07-02T08:47:13+00:00","breadcrumb":{"@id":"https:\/\/dr-smith.de\/inhalt\/links\/#breadcrumb"},"inLanguage":"de","potentialAction":[{"@type":"ReadAction","target":["https:\/\/dr-smith.de\/inhalt\/links\/"]}]},{"@type":"BreadcrumbList","@id":"https:\/\/dr-smith.de\/inhalt\/links\/#breadcrumb","itemListElement":[{"@type":"ListItem","position":1,"name":"Startseite","item":"https:\/\/dr-smith.de\/inhalt\/"},{"@type":"ListItem","position":2,"name":"Links"}]},{"@type":"WebSite","@id":"https:\/\/dr-smith.de\/inhalt\/#website","url":"https:\/\/dr-smith.de\/inhalt\/","name":"Hautarztpraxis Dr. Smith aus Schwabing\/M\u00fcnchen","description":"Ihr Hautarzt f\u00fcr Dermatologie, Venerologie, Allergologie, Lasermedizin &amp; \u00c4sthetische Therapien","publisher":{"@id":"https:\/\/dr-smith.de\/inhalt\/#organization"},"potentialAction":[{"@type":"SearchAction","target":{"@type":"EntryPoint","urlTemplate":"https:\/\/dr-smith.de\/inhalt\/?s={search_term_string}"},"query-input":{"@type":"PropertyValueSpecification","valueRequired":true,"valueName":"search_term_string"}}],"inLanguage":"de"},{"@type":"Organization","@id":"https:\/\/dr-smith.de\/inhalt\/#organization","name":"Haut\u00e4rztin Dr. Smith M\u00fcnchen","url":"https:\/\/dr-smith.de\/inhalt\/","logo":{"@type":"ImageObject","inLanguage":"de","@id":"https:\/\/dr-smith.de\/inhalt\/#\/schema\/logo\/image\/","url":"https:\/\/dr-smith.de\/inhalt\/wp-content\/uploads\/2016\/07\/Logo-Dr-Smith.gif","contentUrl":"https:\/\/dr-smith.de\/inhalt\/wp-content\/uploads\/2016\/07\/Logo-Dr-Smith.gif","width":283,"height":80,"caption":"Haut\u00e4rztin Dr. Smith M\u00fcnchen"},"image":{"@id":"https:\/\/dr-smith.de\/inhalt\/#\/schema\/logo\/image\/"}}]}},"_links":{"self":[{"href":"https:\/\/dr-smith.de\/inhalt\/wp-json\/wp\/v2\/pages\/3502","targetHints":{"allow":["GET"]}}],"collection":[{"href":"https:\/\/dr-smith.de\/inhalt\/wp-json\/wp\/v2\/pages"}],"about":[{"href":"https:\/\/dr-smith.de\/inhalt\/wp-json\/wp\/v2\/types\/page"}],"author":[{"embeddable":true,"href":"https:\/\/dr-smith.de\/inhalt\/wp-json\/wp\/v2\/users\/1"}],"replies":[{"embeddable":true,"href":"https:\/\/dr-smith.de\/inhalt\/wp-json\/wp\/v2\/comments?post=3502"}],"version-history":[{"count":18,"href":"https:\/\/dr-smith.de\/inhalt\/wp-json\/wp\/v2\/pages\/3502\/revisions"}],"predecessor-version":[{"id":3516,"href":"https:\/\/dr-smith.de\/inhalt\/wp-json\/wp\/v2\/pages\/3502\/revisions\/3516"}],"wp:attachment":[{"href":"https:\/\/dr-smith.de\/inhalt\/wp-json\/wp\/v2\/media?parent=3502"}],"curies":[{"name":"wp","href":"https:\/\/api.w.org\/{rel}","templated":true}]}}