{"id":3806,"date":"2016-10-06T13:32:13","date_gmt":"2016-10-06T11:32:13","guid":{"rendered":"http:\/\/dr-smith.de\/inhalt\/?page_id=3806"},"modified":"2026-01-13T10:50:37","modified_gmt":"2026-01-13T09:50:37","slug":"impressum","status":"publish","type":"page","link":"https:\/\/dr-smith.de\/inhalt\/impressum\/","title":{"rendered":"Impressum"},"content":{"rendered":"\n<style type=\"text\/css\" data-created_by=\"avia_inline_auto\" id=\"style-css-av-1fbna6-3b8c98d1fbe1e0e82bd5d0594fda8484\">\n.avia-section.av-1fbna6-3b8c98d1fbe1e0e82bd5d0594fda8484{\nbackground-repeat:no-repeat;\nbackground-image:url(https:\/\/dr-smith.de\/inhalt\/wp-content\/uploads\/2015\/05\/Wartezimmer-Hautarzt.jpg);\nbackground-position:50% 100%;\nbackground-attachment:scroll;\n}\n.avia-section.av-1fbna6-3b8c98d1fbe1e0e82bd5d0594fda8484 .av-section-color-overlay{\nopacity:0.2;\nbackground-color:#000000;\n}\n<\/style>\n<div id='av_section_1'  class='avia-section av-1fbna6-3b8c98d1fbe1e0e82bd5d0594fda8484 main_color avia-section-large avia-no-shadow  avia-builder-el-0  el_before_av_section  avia-builder-el-first  avia-full-stretch avia-bg-style-scroll av-section-color-overlay-active container_wrap sidebar_right'  data-section-bg-repeat='stretch'><div class=\"av-section-color-overlay-wrap\"><div class=\"av-section-color-overlay\"><\/div><div class='container av-section-cont-open' ><main  role=\"main\" itemprop=\"mainContentOfPage\"  class='template-page content  av-content-small alpha units'><div class='post-entry post-entry-type-page post-entry-3806'><div class='entry-content-wrapper clearfix'>\n\n<style type=\"text\/css\" data-created_by=\"avia_inline_auto\" id=\"style-css-av-jj40yuak-6ae482f8bf519e552423fe70cafe44ac\">\n#top .av-special-heading.av-jj40yuak-6ae482f8bf519e552423fe70cafe44ac{\npadding-bottom:0;\ncolor:#ffffff;\nfont-size:50px;\n}\nbody .av-special-heading.av-jj40yuak-6ae482f8bf519e552423fe70cafe44ac .av-special-heading-tag .heading-char{\nfont-size:25px;\n}\n#top #wrap_all .av-special-heading.av-jj40yuak-6ae482f8bf519e552423fe70cafe44ac .av-special-heading-tag{\nfont-size:50px;\n}\n.av-special-heading.av-jj40yuak-6ae482f8bf519e552423fe70cafe44ac .special-heading-inner-border{\nborder-color:#ffffff;\n}\n.av-special-heading.av-jj40yuak-6ae482f8bf519e552423fe70cafe44ac .av-subheading{\nfont-size:15px;\n}\n\n@media only screen and (min-width: 480px) and (max-width: 767px){ \n#top #wrap_all .av-special-heading.av-jj40yuak-6ae482f8bf519e552423fe70cafe44ac .av-special-heading-tag{\nfont-size:0.8em;\n}\n}\n\n@media only screen and (max-width: 479px){ \n#top #wrap_all .av-special-heading.av-jj40yuak-6ae482f8bf519e552423fe70cafe44ac .av-special-heading-tag{\nfont-size:0.8em;\n}\n}\n<\/style>\n<div  class='av-special-heading av-jj40yuak-6ae482f8bf519e552423fe70cafe44ac av-special-heading-h1 custom-color-heading blockquote modern-quote modern-centered  avia-builder-el-1  el_before_av_hr  avia-builder-el-first  av-inherit-size'><h1 class='av-special-heading-tag '  itemprop=\"headline\"  >Impressum<\/h1><div class=\"special-heading-border\"><div class=\"special-heading-inner-border\"><\/div><\/div><\/div>\n\n<style type=\"text\/css\" data-created_by=\"avia_inline_auto\" id=\"style-css-av-aazhou-cd713e45d9a4b5cb6af39f93197627cf\">\n#top .hr.av-aazhou-cd713e45d9a4b5cb6af39f93197627cf{\nmargin-top:30px;\nmargin-bottom:30px;\n}\n.hr.av-aazhou-cd713e45d9a4b5cb6af39f93197627cf .hr-inner{\nwidth:20%;\nborder-color:rgba(255,255,255,0.76);\nmax-width:45%;\n}\n.hr.av-aazhou-cd713e45d9a4b5cb6af39f93197627cf .av-seperator-icon{\ncolor:#ffffff;\n}\n.hr.av-aazhou-cd713e45d9a4b5cb6af39f93197627cf .av-seperator-icon.avia-svg-icon svg:first-child{\nfill:#ffffff;\nstroke:#ffffff;\n}\n<\/style>\n<div  class='hr av-aazhou-cd713e45d9a4b5cb6af39f93197627cf hr-custom  avia-builder-el-2  el_after_av_heading  avia-builder-el-last  hr-center hr-icon-yes'><span class='hr-inner inner-border-av-border-thin'><span class=\"hr-inner-style\"><\/span><\/span><span class='av-seperator-icon avia-iconfont avia-font-entypo-fontello' data-av_icon='\ue8bf' data-av_iconfont='entypo-fontello' ><\/span><span class='hr-inner inner-border-av-border-thin'><span class=\"hr-inner-style\"><\/span><\/span><\/div>\n\n<\/div><\/div><\/main><!-- close content main element --><\/div><\/div><\/div><div id='av_section_2'  class='avia-section av-968l1q-637ee0636712880a02e551eb0cbe5db6 main_color avia-section-small avia-no-border-styling  avia-builder-el-3  el_after_av_section  avia-builder-el-last  avia-bg-style-fixed container_wrap sidebar_right'  ><div class='container av-section-cont-open' ><div class='template-page content  av-content-small alpha units'><div class='post-entry post-entry-type-page post-entry-3806'><div class='entry-content-wrapper clearfix'>\n<div class='flex_column_table av-8582da-6afe657996875c112495df6e1ab5492e sc-av_two_third av-equal-height-column-flextable'>\n<style type=\"text\/css\" data-created_by=\"avia_inline_auto\" id=\"style-css-av-8582da-6afe657996875c112495df6e1ab5492e\">\n#top .flex_column_table.av-equal-height-column-flextable.av-8582da-6afe657996875c112495df6e1ab5492e{\nmargin-top:-60px;\nmargin-bottom:0px;\n}\n.flex_column.av-8582da-6afe657996875c112495df6e1ab5492e{\nborder-radius:0px 0px 0px 0px;\npadding:30px 30px 30px 30px;\nbackground-color:#ffffff;\n}\n<\/style>\n<div  class='flex_column av-8582da-6afe657996875c112495df6e1ab5492e av_two_third  avia-builder-el-4  el_before_av_one_third  avia-builder-el-first  first no_margin flex_column_table_cell av-equal-height-column av-align-top  '     ><p>\n<style type=\"text\/css\" data-created_by=\"avia_inline_auto\" id=\"style-css-av-mkceusse-7a204f53f3808d1d8d1914bc4552f992\">\n#top .hr.hr-invisible.av-mkceusse-7a204f53f3808d1d8d1914bc4552f992{\nheight:50px;\n}\n<\/style>\n<div  class='hr av-mkceusse-7a204f53f3808d1d8d1914bc4552f992 hr-invisible  avia-builder-el-5  el_before_av_textblock  avia-builder-el-first '><span class='hr-inner '><span class=\"hr-inner-style\"><\/span><\/span><\/div><br \/>\n<section  class='av_textblock_section av-5hhzq6-fc5e5dc578b30c55fa0090c50de1f7cf '   itemscope=\"itemscope\" itemtype=\"https:\/\/schema.org\/CreativeWork\" ><div class='avia_textblock'  itemprop=\"text\" ><h1>Impressum<\/h1>\n<p><strong>Praxis\u2028 Dr. med. Christina Smith<\/strong><br \/>\nSiegfriedstr. 9<br \/>\n80803M\u00fcnchen<br \/>\nTel.: 089-343052<br \/>\nFax: 089-38377909<br \/>\nMail: dialog@dr-smith.de<\/p>\n<p><strong>Zust\u00e4ndige Kammer:<\/strong> Bayerische Landes\u00e4rztekammer, M\u00fchlbaurstra\u00dfe 16,\u2028 81677 M\u00fcnchen, <a href=\"http:\/\/www.blaek.de\" target=\"_blank\" rel=\"noopener\">www.blaek.de<\/a><br \/>\nZust\u00e4ndige kassen\u00e4rztliche Vereinigung: Kassen\u00e4rztliche Vereinigung Bayerns,\u2028Elsenheimerstra\u00dfe 39, 80687 M\u00fcnchen, <a href=\"http:\/\/www.kvb.de\" target=\"_blank\" rel=\"noopener\">www.kvb.de<\/a><\/p>\n<p><strong>Berufsbezeichnung:<\/strong> Arzt (verliehen in der Bundesrepublik Deutschland),\u2028 Fach\u00e4rztin f\u00fcr der Dermatologie (verliehen in der Bundesrepublik Deutschland)<\/p>\n<p><strong>Berufsrechtliche Regelungen:<\/strong> Berufsordnung. Informationen hierzu bei der Bayerischen Landes\u00e4rztekammer <a href=\"http:\/\/www.blaek.de\" target=\"_blank\" rel=\"noopener\">www.blaek.de<\/a>.<\/p>\n<p><strong>Haftungshinweis:<\/strong> Trotz sorgf\u00e4ltiger inhaltlicher Kontrolle \u00fcbernehmen wir keine Haftung f\u00fcr die Inhalte externer Links. F\u00fcr den Inhalt der verlinkten Seiten sind ausschlie\u00dflich deren Betreiber verantwortlich.<\/p>\n<hr \/>\n<p><strong>Homepage-Realisierung<\/strong><br \/>\nDesignplanung Reiprich | Werbeagentur<br \/>\nAltenburger Str. 13<br \/>\n04275 Leipzig<br \/>\nHomepage: <a href=\"http:\/\/www.designplanung.com\" target=\"_blank\" rel=\"noopener\">www.designplanung.com<\/a><br \/>\nEventmodule: <a href=\"https:\/\/tourbahn.de\/\" target=\"_blank\" rel=\"noopener\">Rennbahnen<\/a><a href=\"https:\/\/miximo.de\/\" target=\"_blank\" rel=\"noopener\"> | <\/a><a href=\"https:\/\/miximo.de\/\" target=\"_blank\" rel=\"noopener\">Cocktailbars<\/a> | <a href=\"https:\/\/hochzeitsauto-leipzig.com\/\" target=\"_blank\" rel=\"noopener\">Oldtimer<\/a> | <a href=\"https:\/\/glitzerbus.de\/\" target=\"_blank\" rel=\"noopener\">Fotobus<\/a> | <a href=\"https:\/\/tourbahn.de\/rennsimulator-fahrsimulator-mieten\/\" target=\"_blank\" rel=\"noopener\">Fahrsimulatoren<\/a><\/p>\n<\/div><\/section><\/p><\/div>\n<style type=\"text\/css\" data-created_by=\"avia_inline_auto\" id=\"style-css-av-3kca3i-b852fe0e7d5267b9aeb294fd77946a64\">\n#top .flex_column_table.av-equal-height-column-flextable.av-3kca3i-b852fe0e7d5267b9aeb294fd77946a64{\nmargin-top:-60px;\nmargin-bottom:0px;\n}\n.flex_column.av-3kca3i-b852fe0e7d5267b9aeb294fd77946a64{\nborder-radius:0px 0px 0px 0px;\npadding:30px 30px 30px 30px;\nbackground-color:#ffffff;\n}\n<\/style>\n<div  class='flex_column av-3kca3i-b852fe0e7d5267b9aeb294fd77946a64 av_one_third  avia-builder-el-7  el_after_av_two_third  avia-builder-el-last  no_margin flex_column_table_cell av-equal-height-column av-align-top  '     ><p>\n<style type=\"text\/css\" data-created_by=\"avia_inline_auto\" id=\"style-css-av-av_hr-0d26c67d8d91c8a850950c746ed41804\">\n#top .hr.hr-invisible.av-av_hr-0d26c67d8d91c8a850950c746ed41804{\nheight:50px;\n}\n<\/style>\n<div  class='hr av-av_hr-0d26c67d8d91c8a850950c746ed41804 hr-invisible  avia-builder-el-8  el_before_av_textblock  avia-builder-el-first '><span class='hr-inner '><span class=\"hr-inner-style\"><\/span><\/span><\/div><br \/>\n\n<style type=\"text\/css\" data-created_by=\"avia_inline_auto\" id=\"style-css-av-23877y-755b795fa1cc947a9b9516b25b213d1f\">\n#top .av_textblock_section.av-23877y-755b795fa1cc947a9b9516b25b213d1f .avia_textblock{\nfont-size:13px;\n}\n<\/style>\n<section  class='av_textblock_section av-23877y-755b795fa1cc947a9b9516b25b213d1f '   itemscope=\"itemscope\" itemtype=\"https:\/\/schema.org\/CreativeWork\" ><div class='avia_textblock'  itemprop=\"text\" ><p>Bildquellennachweis: komplett bei iStockphoto\/iStock erworben<br \/>\nErdn\u00fcsse: Peanuts, nancykennedy<br \/>\nHasselnussbaum: Yellow catkins in spring on alder tree, whiteway<br \/>\nLandschaft: green meadow, NiseriN<br \/>\nPollen: ambrosia pollen, hooky13<br \/>\nLandschaft 2: spring landscape, hiphunter<br \/>\nHand mit Herz: cream, kot2626<br \/>\nBaby auf Arm: Family, iconogenic<br \/>\nBeine am Pool: Feet hanging on the side of a pool, InkkStudios<br \/>\nBikini heruntergezogen: woman with sunburn, pixelbrat<br \/>\nPilzspuren: mold spores, 8ran<br \/>\nHauterkrankung: psoriasis, t-lorien\u2028gefaltete<br \/>\nFinger: hand with hives, realitybytes<br \/>\nHaut mit Strukturen: dry skin 2, Casarsa<br \/>\nWasserspritzer: water splash, lisegagne<br \/>\nBeinhaare: he\u00b4s got legs, bbeltman<br \/>\nPost-It im Schritt: Bodysticker, MaleWitch<br \/>\nBikini rot: Body in red, MaleWitch<br \/>\nGras im Schritt: bikini line, VikaValter<br \/>\nsch\u00f6ne Beine: Beautiful Female Legs and Body, hannamonika<br \/>\nEi und Kiwi: Food confusion, marcoverturiniautieri<br \/>\nFrau mit Bart: Hairy beauty, NinaMalyna<\/p>\n<\/div><\/section><\/p><\/div><\/div><!--close column table wrapper. Autoclose: 1 --><\/div><\/div><\/div><!-- close content main div --><\/div><\/div><div id='after_section_2'  class='main_color av_default_container_wrap container_wrap sidebar_right'  ><div class='container av-section-cont-open' ><div class='template-page content  av-content-small alpha units'><div class='post-entry post-entry-type-page post-entry-3806'><div class='entry-content-wrapper clearfix'>\n","protected":false},"excerpt":{"rendered":"","protected":false},"author":1,"featured_media":0,"parent":0,"menu_order":0,"comment_status":"closed","ping_status":"closed","template":"","meta":{"footnotes":""},"class_list":["post-3806","page","type-page","status-publish","hentry"],"yoast_head":"<!-- This site is optimized with the Yoast SEO plugin v27.4 - https:\/\/yoast.com\/product\/yoast-seo-wordpress\/ -->\n<title>Impressum - Hautarztpraxis \/ Dermatologe Dr. Smith aus Schwabing \/ M\u00fcnchen<\/title>\n<meta name=\"robots\" content=\"index, follow, max-snippet:-1, max-image-preview:large, max-video-preview:-1\" \/>\n<link rel=\"canonical\" href=\"https:\/\/dr-smith.de\/inhalt\/impressum\/\" \/>\n<meta property=\"og:locale\" content=\"de_DE\" \/>\n<meta property=\"og:type\" content=\"article\" \/>\n<meta property=\"og:title\" content=\"Impressum - Hautarztpraxis \/ Dermatologe Dr. Smith aus Schwabing \/ M\u00fcnchen\" \/>\n<meta property=\"og:url\" content=\"https:\/\/dr-smith.de\/inhalt\/impressum\/\" \/>\n<meta property=\"og:site_name\" content=\"Hautarztpraxis \/ Dermatologe Dr. Smith aus Schwabing \/ M\u00fcnchen\" \/>\n<meta property=\"article:modified_time\" content=\"2026-01-13T09:50:37+00:00\" \/>\n<meta name=\"twitter:card\" content=\"summary_large_image\" \/>\n<script type=\"application\/ld+json\" class=\"yoast-schema-graph\">{\"@context\":\"https:\\\/\\\/schema.org\",\"@graph\":[{\"@type\":\"WebPage\",\"@id\":\"https:\\\/\\\/dr-smith.de\\\/inhalt\\\/impressum\\\/\",\"url\":\"https:\\\/\\\/dr-smith.de\\\/inhalt\\\/impressum\\\/\",\"name\":\"Impressum - Hautarztpraxis \\\/ Dermatologe Dr. Smith aus Schwabing \\\/ M\u00fcnchen\",\"isPartOf\":{\"@id\":\"https:\\\/\\\/dr-smith.de\\\/inhalt\\\/#website\"},\"datePublished\":\"2016-10-06T11:32:13+00:00\",\"dateModified\":\"2026-01-13T09:50:37+00:00\",\"breadcrumb\":{\"@id\":\"https:\\\/\\\/dr-smith.de\\\/inhalt\\\/impressum\\\/#breadcrumb\"},\"inLanguage\":\"de\",\"potentialAction\":[{\"@type\":\"ReadAction\",\"target\":[\"https:\\\/\\\/dr-smith.de\\\/inhalt\\\/impressum\\\/\"]}]},{\"@type\":\"BreadcrumbList\",\"@id\":\"https:\\\/\\\/dr-smith.de\\\/inhalt\\\/impressum\\\/#breadcrumb\",\"itemListElement\":[{\"@type\":\"ListItem\",\"position\":1,\"name\":\"Startseite\",\"item\":\"https:\\\/\\\/dr-smith.de\\\/inhalt\\\/\"},{\"@type\":\"ListItem\",\"position\":2,\"name\":\"Impressum\"}]},{\"@type\":\"WebSite\",\"@id\":\"https:\\\/\\\/dr-smith.de\\\/inhalt\\\/#website\",\"url\":\"https:\\\/\\\/dr-smith.de\\\/inhalt\\\/\",\"name\":\"Hautarztpraxis Dr. Smith aus Schwabing\\\/M\u00fcnchen\",\"description\":\"Ihr Hautarzt f\u00fcr Dermatologie, Venerologie, Allergologie, Lasermedizin &amp; \u00c4sthetische Therapien\",\"publisher\":{\"@id\":\"https:\\\/\\\/dr-smith.de\\\/inhalt\\\/#organization\"},\"potentialAction\":[{\"@type\":\"SearchAction\",\"target\":{\"@type\":\"EntryPoint\",\"urlTemplate\":\"https:\\\/\\\/dr-smith.de\\\/inhalt\\\/?s={search_term_string}\"},\"query-input\":{\"@type\":\"PropertyValueSpecification\",\"valueRequired\":true,\"valueName\":\"search_term_string\"}}],\"inLanguage\":\"de\"},{\"@type\":\"Organization\",\"@id\":\"https:\\\/\\\/dr-smith.de\\\/inhalt\\\/#organization\",\"name\":\"Haut\u00e4rztin Dr. Smith M\u00fcnchen\",\"url\":\"https:\\\/\\\/dr-smith.de\\\/inhalt\\\/\",\"logo\":{\"@type\":\"ImageObject\",\"inLanguage\":\"de\",\"@id\":\"https:\\\/\\\/dr-smith.de\\\/inhalt\\\/#\\\/schema\\\/logo\\\/image\\\/\",\"url\":\"https:\\\/\\\/dr-smith.de\\\/inhalt\\\/wp-content\\\/uploads\\\/2016\\\/07\\\/Logo-Dr-Smith.gif\",\"contentUrl\":\"https:\\\/\\\/dr-smith.de\\\/inhalt\\\/wp-content\\\/uploads\\\/2016\\\/07\\\/Logo-Dr-Smith.gif\",\"width\":283,\"height\":80,\"caption\":\"Haut\u00e4rztin Dr. Smith M\u00fcnchen\"},\"image\":{\"@id\":\"https:\\\/\\\/dr-smith.de\\\/inhalt\\\/#\\\/schema\\\/logo\\\/image\\\/\"}}]}<\/script>\n<!-- \/ Yoast SEO plugin. -->","yoast_head_json":{"title":"Impressum - Hautarztpraxis \/ Dermatologe Dr. Smith aus Schwabing \/ M\u00fcnchen","robots":{"index":"index","follow":"follow","max-snippet":"max-snippet:-1","max-image-preview":"max-image-preview:large","max-video-preview":"max-video-preview:-1"},"canonical":"https:\/\/dr-smith.de\/inhalt\/impressum\/","og_locale":"de_DE","og_type":"article","og_title":"Impressum - Hautarztpraxis \/ Dermatologe Dr. Smith aus Schwabing \/ M\u00fcnchen","og_url":"https:\/\/dr-smith.de\/inhalt\/impressum\/","og_site_name":"Hautarztpraxis \/ Dermatologe Dr. Smith aus Schwabing \/ M\u00fcnchen","article_modified_time":"2026-01-13T09:50:37+00:00","twitter_card":"summary_large_image","schema":{"@context":"https:\/\/schema.org","@graph":[{"@type":"WebPage","@id":"https:\/\/dr-smith.de\/inhalt\/impressum\/","url":"https:\/\/dr-smith.de\/inhalt\/impressum\/","name":"Impressum - Hautarztpraxis \/ Dermatologe Dr. Smith aus Schwabing \/ M\u00fcnchen","isPartOf":{"@id":"https:\/\/dr-smith.de\/inhalt\/#website"},"datePublished":"2016-10-06T11:32:13+00:00","dateModified":"2026-01-13T09:50:37+00:00","breadcrumb":{"@id":"https:\/\/dr-smith.de\/inhalt\/impressum\/#breadcrumb"},"inLanguage":"de","potentialAction":[{"@type":"ReadAction","target":["https:\/\/dr-smith.de\/inhalt\/impressum\/"]}]},{"@type":"BreadcrumbList","@id":"https:\/\/dr-smith.de\/inhalt\/impressum\/#breadcrumb","itemListElement":[{"@type":"ListItem","position":1,"name":"Startseite","item":"https:\/\/dr-smith.de\/inhalt\/"},{"@type":"ListItem","position":2,"name":"Impressum"}]},{"@type":"WebSite","@id":"https:\/\/dr-smith.de\/inhalt\/#website","url":"https:\/\/dr-smith.de\/inhalt\/","name":"Hautarztpraxis Dr. Smith aus Schwabing\/M\u00fcnchen","description":"Ihr Hautarzt f\u00fcr Dermatologie, Venerologie, Allergologie, Lasermedizin &amp; \u00c4sthetische Therapien","publisher":{"@id":"https:\/\/dr-smith.de\/inhalt\/#organization"},"potentialAction":[{"@type":"SearchAction","target":{"@type":"EntryPoint","urlTemplate":"https:\/\/dr-smith.de\/inhalt\/?s={search_term_string}"},"query-input":{"@type":"PropertyValueSpecification","valueRequired":true,"valueName":"search_term_string"}}],"inLanguage":"de"},{"@type":"Organization","@id":"https:\/\/dr-smith.de\/inhalt\/#organization","name":"Haut\u00e4rztin Dr. Smith M\u00fcnchen","url":"https:\/\/dr-smith.de\/inhalt\/","logo":{"@type":"ImageObject","inLanguage":"de","@id":"https:\/\/dr-smith.de\/inhalt\/#\/schema\/logo\/image\/","url":"https:\/\/dr-smith.de\/inhalt\/wp-content\/uploads\/2016\/07\/Logo-Dr-Smith.gif","contentUrl":"https:\/\/dr-smith.de\/inhalt\/wp-content\/uploads\/2016\/07\/Logo-Dr-Smith.gif","width":283,"height":80,"caption":"Haut\u00e4rztin Dr. Smith M\u00fcnchen"},"image":{"@id":"https:\/\/dr-smith.de\/inhalt\/#\/schema\/logo\/image\/"}}]}},"_links":{"self":[{"href":"https:\/\/dr-smith.de\/inhalt\/wp-json\/wp\/v2\/pages\/3806","targetHints":{"allow":["GET"]}}],"collection":[{"href":"https:\/\/dr-smith.de\/inhalt\/wp-json\/wp\/v2\/pages"}],"about":[{"href":"https:\/\/dr-smith.de\/inhalt\/wp-json\/wp\/v2\/types\/page"}],"author":[{"embeddable":true,"href":"https:\/\/dr-smith.de\/inhalt\/wp-json\/wp\/v2\/users\/1"}],"replies":[{"embeddable":true,"href":"https:\/\/dr-smith.de\/inhalt\/wp-json\/wp\/v2\/comments?post=3806"}],"version-history":[{"count":29,"href":"https:\/\/dr-smith.de\/inhalt\/wp-json\/wp\/v2\/pages\/3806\/revisions"}],"predecessor-version":[{"id":4263,"href":"https:\/\/dr-smith.de\/inhalt\/wp-json\/wp\/v2\/pages\/3806\/revisions\/4263"}],"wp:attachment":[{"href":"https:\/\/dr-smith.de\/inhalt\/wp-json\/wp\/v2\/media?parent=3806"}],"curies":[{"name":"wp","href":"https:\/\/api.w.org\/{rel}","templated":true}]}}