{"id":96,"date":"2014-08-24T17:14:26","date_gmt":"2014-08-24T17:14:26","guid":{"rendered":"http:\/\/192.168.1.104\/enfold-blog\/?page_id=2"},"modified":"2024-12-16T15:20:42","modified_gmt":"2024-12-16T14:20:42","slug":"leistungsspektrum","status":"publish","type":"page","link":"https:\/\/dr-smith.de\/inhalt\/leistungsspektrum\/","title":{"rendered":"Leistungsspektrum"},"content":{"rendered":"\n<style type=\"text\/css\" data-created_by=\"avia_inline_auto\" id=\"style-css-av-d61ns-590e06dd94713af74eb14426b6bcf612\">\n.avia-section.av-d61ns-590e06dd94713af74eb14426b6bcf612 .av-parallax .av-parallax-inner{\nbackground-repeat:no-repeat;\nbackground-image:url(https:\/\/dr-smith.de\/inhalt\/wp-content\/uploads\/2015\/05\/Untersuchung-Hautarzt.jpg);\nbackground-position:50% 50%;\nbackground-attachment:scroll;\n}\n.avia-section.av-d61ns-590e06dd94713af74eb14426b6bcf612 .av-section-color-overlay{\nopacity:0.2;\nbackground-color:#000000;\n}\n<\/style>\n<div id='av_section_1'  class='avia-section av-d61ns-590e06dd94713af74eb14426b6bcf612 main_color avia-section-large avia-no-shadow  avia-builder-el-0  el_before_av_section  avia-builder-el-first  avia-full-stretch av-parallax-section avia-bg-style-parallax av-section-color-overlay-active container_wrap sidebar_right'  data-section-bg-repeat='stretch'><div class='av-parallax' data-avia-parallax-ratio='0.3' ><div class='av-parallax-inner main_color avia-full-stretch'><\/div><\/div><div class=\"av-section-color-overlay-wrap\"><div class=\"av-section-color-overlay\"><\/div><div class='container av-section-cont-open' ><main  role=\"main\" itemprop=\"mainContentOfPage\"  class='template-page content  av-content-small alpha units'><div class='post-entry post-entry-type-page post-entry-96'><div class='entry-content-wrapper clearfix'>\n\n<style type=\"text\/css\" data-created_by=\"avia_inline_auto\" id=\"style-css-av-jj40savm-8570e579d956952bba2a0fd6b35e74fb\">\n#top .av-special-heading.av-jj40savm-8570e579d956952bba2a0fd6b35e74fb{\npadding-bottom:0;\ncolor:#ffffff;\nfont-size:50px;\n}\nbody .av-special-heading.av-jj40savm-8570e579d956952bba2a0fd6b35e74fb .av-special-heading-tag .heading-char{\nfont-size:25px;\n}\n#top #wrap_all .av-special-heading.av-jj40savm-8570e579d956952bba2a0fd6b35e74fb .av-special-heading-tag{\nfont-size:50px;\n}\n.av-special-heading.av-jj40savm-8570e579d956952bba2a0fd6b35e74fb .special-heading-inner-border{\nborder-color:#ffffff;\n}\n.av-special-heading.av-jj40savm-8570e579d956952bba2a0fd6b35e74fb .av-subheading{\nfont-size:15px;\n}\n\n@media only screen and (min-width: 480px) and (max-width: 767px){ \n#top #wrap_all .av-special-heading.av-jj40savm-8570e579d956952bba2a0fd6b35e74fb .av-special-heading-tag{\nfont-size:0.8em;\n}\n}\n\n@media only screen and (max-width: 479px){ \n#top #wrap_all .av-special-heading.av-jj40savm-8570e579d956952bba2a0fd6b35e74fb .av-special-heading-tag{\nfont-size:0.8em;\n}\n}\n<\/style>\n<div  class='av-special-heading av-jj40savm-8570e579d956952bba2a0fd6b35e74fb av-special-heading-h1 custom-color-heading blockquote modern-quote modern-centered  avia-builder-el-1  el_before_av_hr  avia-builder-el-first  av-inherit-size'><h1 class='av-special-heading-tag '  itemprop=\"headline\"  >Leistungsspektrum<\/h1><div class='av_custom_color av-subheading av-subheading_below'><p>Wie wir Ihnen helfen k\u00f6nnen<\/p>\n<\/div><div class=\"special-heading-border\"><div class=\"special-heading-inner-border\"><\/div><\/div><\/div>\n\n<style type=\"text\/css\" data-created_by=\"avia_inline_auto\" id=\"style-css-av-ce6ng-e54b9971f1031d8085b4354a405e3943\">\n#top .hr.av-ce6ng-e54b9971f1031d8085b4354a405e3943{\nmargin-top:30px;\nmargin-bottom:30px;\n}\n.hr.av-ce6ng-e54b9971f1031d8085b4354a405e3943 .hr-inner{\nwidth:20%;\nborder-color:rgba(255,255,255,0.76);\nmax-width:45%;\n}\n.hr.av-ce6ng-e54b9971f1031d8085b4354a405e3943 .av-seperator-icon{\ncolor:#ffffff;\n}\n.hr.av-ce6ng-e54b9971f1031d8085b4354a405e3943 .av-seperator-icon.avia-svg-icon svg:first-child{\nfill:#ffffff;\nstroke:#ffffff;\n}\n<\/style>\n<div  class='hr av-ce6ng-e54b9971f1031d8085b4354a405e3943 hr-custom  avia-builder-el-2  el_after_av_heading  avia-builder-el-last  hr-center hr-icon-yes'><span class='hr-inner inner-border-av-border-thin'><span class=\"hr-inner-style\"><\/span><\/span><span class='av-seperator-icon avia-iconfont avia-font-entypo-fontello' data-av_icon='\ue8bf' data-av_iconfont='entypo-fontello' ><\/span><span class='hr-inner inner-border-av-border-thin'><span class=\"hr-inner-style\"><\/span><\/span><\/div>\n\n<\/div><\/div><\/main><!-- close content main element --><\/div><\/div><\/div><div id='av_section_2'  class='avia-section av-bllvc-d6c7808d9b375724e4d1b9aa023cca3d main_color avia-section-small avia-no-border-styling  avia-builder-el-3  el_after_av_section  el_before_av_section  avia-bg-style-fixed container_wrap sidebar_right'  ><div class='container av-section-cont-open' ><div class='template-page content  av-content-small alpha units'><div class='post-entry post-entry-type-page post-entry-96'><div class='entry-content-wrapper clearfix'>\n<div class='flex_column_table av-as6m0-09aaf43fdb494b5233dc22eb23d0dcd9 sc-av_two_third av-equal-height-column-flextable'>\n<style type=\"text\/css\" data-created_by=\"avia_inline_auto\" id=\"style-css-av-as6m0-09aaf43fdb494b5233dc22eb23d0dcd9\">\n#top .flex_column_table.av-equal-height-column-flextable.av-as6m0-09aaf43fdb494b5233dc22eb23d0dcd9{\nmargin-top:-60px;\nmargin-bottom:0px;\n}\n.flex_column.av-as6m0-09aaf43fdb494b5233dc22eb23d0dcd9{\nborder-radius:0px 0px 0px 0px;\npadding:30px 30px 30px 30px;\nbackground-color:#ffffff;\n}\n<\/style>\n<div  class='flex_column av-as6m0-09aaf43fdb494b5233dc22eb23d0dcd9 av_two_third  avia-builder-el-4  el_before_av_one_third  avia-builder-el-first  first no_margin flex_column_table_cell av-equal-height-column av-align-top  '     ><p>\n<style type=\"text\/css\" data-created_by=\"avia_inline_auto\" id=\"style-css-av-3q6g-f687e0c68870bde90e6488f6201f4c3d\">\n#top .av-special-heading.av-3q6g-f687e0c68870bde90e6488f6201f4c3d{\npadding-bottom:0;\n}\nbody .av-special-heading.av-3q6g-f687e0c68870bde90e6488f6201f4c3d .av-special-heading-tag .heading-char{\nfont-size:25px;\n}\n.av-special-heading.av-3q6g-f687e0c68870bde90e6488f6201f4c3d .av-subheading{\nfont-size:15px;\n}\n<\/style>\n<div  class='av-special-heading av-3q6g-f687e0c68870bde90e6488f6201f4c3d av-special-heading-h3 blockquote modern-quote  avia-builder-el-5  el_before_av_hr  avia-builder-el-first '><h3 class='av-special-heading-tag '  itemprop=\"headline\"  >Leistungsspektrum<\/h3><div class='av-subheading av-subheading_below'><p>Hier finden Sie eine gro\u00dfe Auswahl an Informationen zu folgenden Themen<\/p>\n<\/div><div class=\"special-heading-border\"><div class=\"special-heading-inner-border\"><\/div><\/div><\/div><br \/>\n\n<style type=\"text\/css\" data-created_by=\"avia_inline_auto\" id=\"style-css-av-9xbks-f89bf2efafa9e0ec32f473cf25c4343c\">\n#top .hr.hr-invisible.av-9xbks-f89bf2efafa9e0ec32f473cf25c4343c{\nheight:30px;\n}\n<\/style>\n<div  class='hr av-9xbks-f89bf2efafa9e0ec32f473cf25c4343c hr-invisible  avia-builder-el-6  el_after_av_heading  el_before_av_textblock '><span class='hr-inner '><span class=\"hr-inner-style\"><\/span><\/span><\/div><br \/>\n<section  class='av_textblock_section av-xnkk-dc20269a54948795ae0eb45f3df0d987 '   itemscope=\"itemscope\" itemtype=\"https:\/\/schema.org\/CreativeWork\" ><div class='avia_textblock'  itemprop=\"text\" ><p><a href=\"https:\/\/dr-smith.de\/inhalt\/leistungsspektrum\/dermatologie-venerologie\/\">Dermatologie &amp; Venerologie<\/a><\/p>\n<p><a href=\"https:\/\/dr-smith.de\/inhalt\/leistungsspektrum\/allergologie\/\">Allergologie<\/a><\/p>\n<p><a href=\"https:\/\/dr-smith.de\/inhalt\/leistungsspektrum\/ambulante-operationen\/\">Ambulante Operationen<\/a><\/p>\n<p><a href=\"https:\/\/dr-smith.de\/inhalt\/about\/lasermedizin\/\">Lasermedizin<\/a><\/p>\n<p><a href=\"https:\/\/dr-smith.de\/inhalt\/about\/aesthetische-therapien\/\">\u00c4sthetische Therapien<\/a><\/p>\n<\/div><\/section><br \/>\n\n<style type=\"text\/css\" data-created_by=\"avia_inline_auto\" id=\"style-css-av-8ggyc-99c481349bbffcaf6be286f41093e736\">\n#top .hr.av-8ggyc-99c481349bbffcaf6be286f41093e736{\nmargin-top:30px;\nmargin-bottom:30px;\n}\n.hr.av-8ggyc-99c481349bbffcaf6be286f41093e736 .hr-inner{\nwidth:45%;\n}\n<\/style>\n<div  class='hr av-8ggyc-99c481349bbffcaf6be286f41093e736 hr-custom  avia-builder-el-8  el_after_av_textblock  el_before_av_heading  hr-center hr-icon-no'><span class='hr-inner inner-border-av-border-thin'><span class=\"hr-inner-style\"><\/span><\/span><\/div><br \/>\n\n<style type=\"text\/css\" data-created_by=\"avia_inline_auto\" id=\"style-css-av-jj411016-67098412c0adcff0ee4e1c2c84e89ab3\">\n#top .av-special-heading.av-jj411016-67098412c0adcff0ee4e1c2c84e89ab3{\npadding-bottom:0;\n}\nbody .av-special-heading.av-jj411016-67098412c0adcff0ee4e1c2c84e89ab3 .av-special-heading-tag .heading-char{\nfont-size:25px;\n}\n.av-special-heading.av-jj411016-67098412c0adcff0ee4e1c2c84e89ab3 .av-subheading{\nfont-size:15px;\n}\n<\/style>\n<div  class='av-special-heading av-jj411016-67098412c0adcff0ee4e1c2c84e89ab3 av-special-heading-h3 blockquote modern-quote  avia-builder-el-9  el_after_av_hr  el_before_av_hr '><h3 class='av-special-heading-tag '  itemprop=\"headline\"  >Dr. med. Christina Smith<\/h3><div class='av-subheading av-subheading_below'><p>Hautarzt \/ Fach\u00e4rztin f\u00fcr Dermatologie, Venerologie &amp; Allergologie<\/p>\n<\/div><div class=\"special-heading-border\"><div class=\"special-heading-inner-border\"><\/div><\/div><\/div><br \/>\n\n<style type=\"text\/css\" data-created_by=\"avia_inline_auto\" id=\"style-css-av-7n4mk-13423a2bd414e1d57e3a68c771875096\">\n#top .hr.hr-invisible.av-7n4mk-13423a2bd414e1d57e3a68c771875096{\nheight:30px;\n}\n<\/style>\n<div  class='hr av-7n4mk-13423a2bd414e1d57e3a68c771875096 hr-invisible  avia-builder-el-10  el_after_av_heading  el_before_av_textblock '><span class='hr-inner '><span class=\"hr-inner-style\"><\/span><\/span><\/div><br \/>\n<section  class='av_textblock_section av-73gr8-490fec0abd1349fc72a90d9f9a6f1d52 '   itemscope=\"itemscope\" itemtype=\"https:\/\/schema.org\/CreativeWork\" ><div class='avia_textblock'  itemprop=\"text\" ><table border=\"0\" width=\"100%\" cellspacing=\"0\" cellpadding=\"0\">\n<tbody>\n<tr valign=\"top\">\n<td width=\"20%\">Berufserfahrung<\/td>\n<td width=\"15%\">seit 2003<br \/>\n2000-2003<br \/>\n1997-20001995-1997<\/td>\n<td width=\"65%\">in eigener Praxis niedergelassen, Schwabing in M\u00fcnchen<br \/>\nBeraterin (Gesundheitsmarkt, Biotechnologie), M\u00fcnchen<br \/>\nstellvertretende Leiterin, angestellte Fach\u00e4rztin, Bonn, Tagesklinik f\u00fcr kosmetische Dermatologie und Lasermedizin<br \/>\nAssistenz\u00e4rztin und wissenschaftliche Mitarbeiterin \u00e4IP, Universit\u00e4tshautklinik Magdeburg<\/td>\n<\/tr>\n<tr valign=\"top\">\n<td>Ausbildung<\/td>\n<td>1999<br \/>\n1996<br \/>\n1988-1995<\/td>\n<td>Fach\u00e4rztin f\u00fcr Dermatologie und Venerologie<br \/>\nPromotion<br \/>\nMedizin Studium L\u00fcbeck, Birmingham, Sheffield, Aix-en-Provence<\/td>\n<\/tr>\n<tr valign=\"top\">\n<td>Stipendien<\/td>\n<td>1988<\/td>\n<td>Studienstiftung des deutschen Volkes<\/td>\n<\/tr>\n<tr valign=\"top\">\n<td>Sprachen<\/td>\n<td colspan=\"2\">Englisch flie\u00dfend<br \/>\nFranz\u00f6sisch gut,<br \/>\nSpanisch Grundkenntnisse<\/td>\n<\/tr>\n<\/tbody>\n<\/table>\n<\/div><\/section><\/p><\/div>\n<style type=\"text\/css\" data-created_by=\"avia_inline_auto\" id=\"style-css-av-659tc-670fd124f100a4527584d2a81b253a6e\">\n#top .flex_column_table.av-equal-height-column-flextable.av-659tc-670fd124f100a4527584d2a81b253a6e{\nmargin-top:-60px;\nmargin-bottom:0px;\n}\n.flex_column.av-659tc-670fd124f100a4527584d2a81b253a6e{\nborder-radius:0px 0px 0px 0px;\npadding:30px 30px 0px 30px;\nbackground-color:#f0f0f0;\n}\n<\/style>\n<div  class='flex_column av-659tc-670fd124f100a4527584d2a81b253a6e av_one_third  avia-builder-el-12  el_after_av_two_third  avia-builder-el-last  no_margin flex_column_table_cell av-equal-height-column av-align-top  '     ><p>\n<style type=\"text\/css\" data-created_by=\"avia_inline_auto\" id=\"style-css-av-5mg6w-acd1d3edf0b0868b93b70f7e3a7a1376\">\n.avia-image-container.av-5mg6w-acd1d3edf0b0868b93b70f7e3a7a1376 img.avia_image{\nbox-shadow:none;\n}\n.avia-image-container.av-5mg6w-acd1d3edf0b0868b93b70f7e3a7a1376 .av-image-caption-overlay-center{\ncolor:#ffffff;\n}\n<\/style>\n<div  class='avia-image-container av-5mg6w-acd1d3edf0b0868b93b70f7e3a7a1376 av-styling- av-img-linked avia-align-center  avia-builder-el-13  el_before_av_textblock  avia-builder-el-first '   itemprop=\"image\" itemscope=\"itemscope\" itemtype=\"https:\/\/schema.org\/ImageObject\" ><div class=\"avia-image-container-inner\"><div class=\"avia-image-overlay-wrap\"><a href=\"https:\/\/dr-smith.de\/inhalt\/wp-content\/uploads\/2015\/05\/Startseitenbild2-1.jpg\" data-srcset=\"https:\/\/dr-smith.de\/inhalt\/wp-content\/uploads\/2015\/05\/Startseitenbild2-1.jpg 937w, https:\/\/dr-smith.de\/inhalt\/wp-content\/uploads\/2015\/05\/Startseitenbild2-1-300x164.jpg 300w, https:\/\/dr-smith.de\/inhalt\/wp-content\/uploads\/2015\/05\/Startseitenbild2-1-768x420.jpg 768w, https:\/\/dr-smith.de\/inhalt\/wp-content\/uploads\/2015\/05\/Startseitenbild2-1-705x385.jpg 705w, https:\/\/dr-smith.de\/inhalt\/wp-content\/uploads\/2015\/05\/Startseitenbild2-1-450x246.jpg 450w\" data-sizes=\"(max-width: 937px) 100vw, 937px\" class='avia_image '  aria-label='Ihr Hautarzt \/ Dermatologe in M\u00fcnchen \/ Schwabing'><img decoding=\"async\" fetchpriority=\"high\" class='wp-image-3679 avia-img-lazy-loading-not-3679 avia_image ' src=\"https:\/\/dr-smith.de\/inhalt\/wp-content\/uploads\/2015\/05\/Startseitenbild2-1-845x321.jpg\" alt='Ihr Hautarzt \/ Dermatologe in M\u00fcnchen \/ Schwabing' title='Ihr Hautarzt \/ Dermatologe in M\u00fcnchen \/ Schwabing'  height=\"321\" width=\"845\"  itemprop=\"thumbnailUrl\"  \/><\/a><\/div><\/div><\/div><br \/>\n<section  class='av_textblock_section av-58zmg-3bc74ad3889ad0167608c17012f71ef6 '   itemscope=\"itemscope\" itemtype=\"https:\/\/schema.org\/CreativeWork\" ><div class='avia_textblock'  itemprop=\"text\" ><p>Die Haut ist die Schnittstelle zwischen Umgebung und Mensch und in ihrer Bedeutung f\u00fcr die Gesundheit oft untersch\u00e4tzt. Redewendungen wie &#8220;sich wohl in seiner Haut f\u00fchlen&#8221; und &#8220;Spiegel der Seele&#8221; bringen diese fundamentale Bedeutung gut auf den Punkt. Schon in der fr\u00fchkindlichen Entwicklung spielen taktile Reize der Haut eine wichtige Rolle und selbst klar infekti\u00f6se Erkrankungen wie z. B. eine G\u00fcrtelrose (verursacht durch eine Reaktivierung des Windpockenvirus, das nach einer Erkrankung lebenslang im K\u00f6rper bleibt) wird in der Regel durch Stress getriggert.<\/p>\n<p>Offenheit f\u00fcr die eigenen (Haut) Bed\u00fcrfnisse verhilft zu mehr Gesundheit und Wohlbefinden. In vielen Kulturen existieren etablierte K\u00f6rperpflegerituale, die letztendlich Wohlbefinden UND Gesundheit dienen. Auch der anhaltende Boom von Wellness Angeboten von Massagen \u00fcber Schokoladen Peeling nimmt diesen Gedanken auf.<\/p>\n<p>Dabei mu\u00df es gar nicht ein ausgiebiger Sauna und Wellness Landschaft Besuch sein. Kleine Pflege Rituale im Alltag erf\u00fcllen die selbe Funktion und jeder sollte sie sich g\u00f6nnen \u2013 der Gesundheit zuliebe.<\/p>\n<\/div><\/section><\/p><\/div><\/div><!--close column table wrapper. Autoclose: 1 --><\/div><\/div><\/div><!-- close content main div --><\/div><\/div><div id='av_section_3'  class='avia-section av-4ncrk-d944e0205fbe28672b8e952ab8a71a4f alternate_color avia-section-default avia-no-shadow  avia-builder-el-15  el_after_av_section  avia-builder-el-last  avia-bg-style-scroll container_wrap sidebar_right'  ><div class='container av-section-cont-open' ><div class='template-page content  av-content-small alpha units'><div class='post-entry post-entry-type-page post-entry-96'><div class='entry-content-wrapper clearfix'>\n\n<style type=\"text\/css\" data-created_by=\"avia_inline_auto\" id=\"style-css-av-3qc9g-3145b47bcf591b3dc2538af6e1a9da92\">\n.flex_column.av-3qc9g-3145b47bcf591b3dc2538af6e1a9da92{\nborder-radius:0px 0px 0px 0px;\npadding:0px 0px 0px 0px;\n}\n<\/style>\n<div  class='flex_column av-3qc9g-3145b47bcf591b3dc2538af6e1a9da92 av_one_third  avia-builder-el-16  el_before_av_one_third  avia-builder-el-first  first flex_column_div av-zero-column-padding  '     ><div  class=\"avia-animated-number av-36xhw-25c7b0e0a273a1a0c97385b9464ac1e1 av-force-default-color avia_animate_when_visible  avia-builder-el-17  avia-builder-el-no-sibling  \" data-timer=\"3000\"><strong class=\"heading avia-animated-number-title\"><span class=\"avia-single-number __av-single-number\" data-number_format=\"\" data-number=\"200\" data-start_from=\"0\">200<\/span><span class=\"avia-no-number\">.<\/span><span class=\"avia-single-number __av-single-number\" data-number_format=\"\" data-number=\"000\" data-start_from=\"0\">000<\/span><\/strong><div class=\"avia-animated-number-content\"><p>Menschen erkranken in Deutschland pro Jahr an Hautkrebs<\/p>\n<\/div><\/div><\/div>\n<style type=\"text\/css\" data-created_by=\"avia_inline_auto\" id=\"style-css-av-2hiu4-5c36cffc08426d65b113e48871e05e01\">\n.flex_column.av-2hiu4-5c36cffc08426d65b113e48871e05e01{\nborder-radius:0px 0px 0px 0px;\npadding:0px 0px 0px 0px;\n}\n<\/style>\n<div  class='flex_column av-2hiu4-5c36cffc08426d65b113e48871e05e01 av_one_third  avia-builder-el-18  el_after_av_one_third  el_before_av_one_third  flex_column_div av-zero-column-padding  '     ><div  class=\"avia-animated-number av-27iko-092e071136c0cb60ae77c76289291ef0 av-force-default-color avia_animate_when_visible  avia-builder-el-19  avia-builder-el-no-sibling  \" data-timer=\"3000\"><strong class=\"heading avia-animated-number-title\"><span class=\"avia-single-number __av-single-number\" data-number_format=\"\" data-number=\"16\" data-start_from=\"0\">16<\/span><span class=\"avia-no-number\">.<\/span><span class=\"avia-single-number __av-single-number\" data-number_format=\"\" data-number=\"000\" data-start_from=\"0\">000<\/span><\/strong><div class=\"avia-animated-number-content\"><p>davon am besonders b\u00f6sartigen malignem Melanom (schwarzer Hautkrebs)<\/p>\n<\/div><\/div><\/div>\n<style type=\"text\/css\" data-created_by=\"avia_inline_auto\" id=\"style-css-av-1krd0-9870138923048d240a1b6efaa84c5d93\">\n.flex_column.av-1krd0-9870138923048d240a1b6efaa84c5d93{\nborder-radius:0px 0px 0px 0px;\npadding:0px 0px 0px 0px;\n}\n<\/style>\n<div  class='flex_column av-1krd0-9870138923048d240a1b6efaa84c5d93 av_one_third  avia-builder-el-20  el_after_av_one_third  avia-builder-el-last  flex_column_div av-zero-column-padding  '     ><div  class=\"avia-animated-number av-45do-51ee134bef5ed833fce150b682e7641d av-force-default-color avia_animate_when_visible  avia-builder-el-21  avia-builder-el-no-sibling  \" data-timer=\"3000\"><strong class=\"heading avia-animated-number-title\"><span class=\"avia-single-number __av-single-number\" data-number_format=\"\" data-number=\"90\" data-start_from=\"0\">90<\/span><span class=\"avia-no-number\">%<\/span><\/strong><div class=\"avia-animated-number-content\"><p>mehr als 90% der Erwachsenen entwickeln in ihrem Leben st\u00f6rende Hautanh\u00e4ngsel, die man leicht entfernen kann<\/p>\n<\/div><\/div><\/div>\n<\/div><\/div><\/div><!-- close content main div --><\/div><\/div><div id='after_section_3'  class='main_color av_default_container_wrap container_wrap sidebar_right'  ><div class='container av-section-cont-open' ><div class='template-page content  av-content-small alpha units'><div class='post-entry post-entry-type-page post-entry-96'><div class='entry-content-wrapper clearfix'><\/p>\n","protected":false},"excerpt":{"rendered":"","protected":false},"author":1,"featured_media":0,"parent":0,"menu_order":0,"comment_status":"open","ping_status":"open","template":"","meta":{"footnotes":""},"class_list":["post-96","page","type-page","status-publish","hentry"],"yoast_head":"<!-- This site is optimized with the Yoast SEO plugin v27.0 - https:\/\/yoast.com\/product\/yoast-seo-wordpress\/ -->\n<title>Leistungsspektrum - Hautarztpraxis \/ Dermatologe Dr. Smith aus Schwabing \/ M\u00fcnchen<\/title>\n<meta name=\"robots\" content=\"index, follow, max-snippet:-1, max-image-preview:large, max-video-preview:-1\" \/>\n<link rel=\"canonical\" href=\"https:\/\/dr-smith.de\/inhalt\/leistungsspektrum\/\" \/>\n<meta property=\"og:locale\" content=\"de_DE\" \/>\n<meta property=\"og:type\" content=\"article\" \/>\n<meta property=\"og:title\" content=\"Leistungsspektrum - Hautarztpraxis \/ Dermatologe Dr. Smith aus Schwabing \/ M\u00fcnchen\" \/>\n<meta property=\"og:url\" content=\"https:\/\/dr-smith.de\/inhalt\/leistungsspektrum\/\" \/>\n<meta property=\"og:site_name\" content=\"Hautarztpraxis \/ Dermatologe Dr. Smith aus Schwabing \/ M\u00fcnchen\" \/>\n<meta property=\"article:modified_time\" content=\"2024-12-16T14:20:42+00:00\" \/>\n<meta name=\"twitter:card\" content=\"summary_large_image\" \/>\n<meta name=\"twitter:label1\" content=\"Gesch\u00e4tzte Lesezeit\" \/>\n\t<meta name=\"twitter:data1\" content=\"2\u00a0Minuten\" \/>\n<script type=\"application\/ld+json\" class=\"yoast-schema-graph\">{\"@context\":\"https:\/\/schema.org\",\"@graph\":[{\"@type\":\"WebPage\",\"@id\":\"https:\/\/dr-smith.de\/inhalt\/leistungsspektrum\/\",\"url\":\"https:\/\/dr-smith.de\/inhalt\/leistungsspektrum\/\",\"name\":\"Leistungsspektrum - Hautarztpraxis \/ Dermatologe Dr. Smith aus Schwabing \/ M\u00fcnchen\",\"isPartOf\":{\"@id\":\"https:\/\/dr-smith.de\/inhalt\/#website\"},\"datePublished\":\"2014-08-24T17:14:26+00:00\",\"dateModified\":\"2024-12-16T14:20:42+00:00\",\"breadcrumb\":{\"@id\":\"https:\/\/dr-smith.de\/inhalt\/leistungsspektrum\/#breadcrumb\"},\"inLanguage\":\"de\",\"potentialAction\":[{\"@type\":\"ReadAction\",\"target\":[\"https:\/\/dr-smith.de\/inhalt\/leistungsspektrum\/\"]}]},{\"@type\":\"BreadcrumbList\",\"@id\":\"https:\/\/dr-smith.de\/inhalt\/leistungsspektrum\/#breadcrumb\",\"itemListElement\":[{\"@type\":\"ListItem\",\"position\":1,\"name\":\"Startseite\",\"item\":\"https:\/\/dr-smith.de\/inhalt\/\"},{\"@type\":\"ListItem\",\"position\":2,\"name\":\"Leistungsspektrum\"}]},{\"@type\":\"WebSite\",\"@id\":\"https:\/\/dr-smith.de\/inhalt\/#website\",\"url\":\"https:\/\/dr-smith.de\/inhalt\/\",\"name\":\"Hautarztpraxis Dr. Smith aus Schwabing\/M\u00fcnchen\",\"description\":\"Ihr Hautarzt f\u00fcr Dermatologie, Venerologie, Allergologie, Lasermedizin &amp; \u00c4sthetische Therapien\",\"publisher\":{\"@id\":\"https:\/\/dr-smith.de\/inhalt\/#organization\"},\"potentialAction\":[{\"@type\":\"SearchAction\",\"target\":{\"@type\":\"EntryPoint\",\"urlTemplate\":\"https:\/\/dr-smith.de\/inhalt\/?s={search_term_string}\"},\"query-input\":{\"@type\":\"PropertyValueSpecification\",\"valueRequired\":true,\"valueName\":\"search_term_string\"}}],\"inLanguage\":\"de\"},{\"@type\":\"Organization\",\"@id\":\"https:\/\/dr-smith.de\/inhalt\/#organization\",\"name\":\"Haut\u00e4rztin Dr. Smith M\u00fcnchen\",\"url\":\"https:\/\/dr-smith.de\/inhalt\/\",\"logo\":{\"@type\":\"ImageObject\",\"inLanguage\":\"de\",\"@id\":\"https:\/\/dr-smith.de\/inhalt\/#\/schema\/logo\/image\/\",\"url\":\"https:\/\/dr-smith.de\/inhalt\/wp-content\/uploads\/2016\/07\/Logo-Dr-Smith.gif\",\"contentUrl\":\"https:\/\/dr-smith.de\/inhalt\/wp-content\/uploads\/2016\/07\/Logo-Dr-Smith.gif\",\"width\":283,\"height\":80,\"caption\":\"Haut\u00e4rztin Dr. Smith M\u00fcnchen\"},\"image\":{\"@id\":\"https:\/\/dr-smith.de\/inhalt\/#\/schema\/logo\/image\/\"}}]}<\/script>\n<!-- \/ Yoast SEO plugin. -->","yoast_head_json":{"title":"Leistungsspektrum - Hautarztpraxis \/ Dermatologe Dr. Smith aus Schwabing \/ M\u00fcnchen","robots":{"index":"index","follow":"follow","max-snippet":"max-snippet:-1","max-image-preview":"max-image-preview:large","max-video-preview":"max-video-preview:-1"},"canonical":"https:\/\/dr-smith.de\/inhalt\/leistungsspektrum\/","og_locale":"de_DE","og_type":"article","og_title":"Leistungsspektrum - Hautarztpraxis \/ Dermatologe Dr. Smith aus Schwabing \/ M\u00fcnchen","og_url":"https:\/\/dr-smith.de\/inhalt\/leistungsspektrum\/","og_site_name":"Hautarztpraxis \/ Dermatologe Dr. Smith aus Schwabing \/ M\u00fcnchen","article_modified_time":"2024-12-16T14:20:42+00:00","twitter_card":"summary_large_image","twitter_misc":{"Gesch\u00e4tzte Lesezeit":"2\u00a0Minuten"},"schema":{"@context":"https:\/\/schema.org","@graph":[{"@type":"WebPage","@id":"https:\/\/dr-smith.de\/inhalt\/leistungsspektrum\/","url":"https:\/\/dr-smith.de\/inhalt\/leistungsspektrum\/","name":"Leistungsspektrum - Hautarztpraxis \/ Dermatologe Dr. Smith aus Schwabing \/ M\u00fcnchen","isPartOf":{"@id":"https:\/\/dr-smith.de\/inhalt\/#website"},"datePublished":"2014-08-24T17:14:26+00:00","dateModified":"2024-12-16T14:20:42+00:00","breadcrumb":{"@id":"https:\/\/dr-smith.de\/inhalt\/leistungsspektrum\/#breadcrumb"},"inLanguage":"de","potentialAction":[{"@type":"ReadAction","target":["https:\/\/dr-smith.de\/inhalt\/leistungsspektrum\/"]}]},{"@type":"BreadcrumbList","@id":"https:\/\/dr-smith.de\/inhalt\/leistungsspektrum\/#breadcrumb","itemListElement":[{"@type":"ListItem","position":1,"name":"Startseite","item":"https:\/\/dr-smith.de\/inhalt\/"},{"@type":"ListItem","position":2,"name":"Leistungsspektrum"}]},{"@type":"WebSite","@id":"https:\/\/dr-smith.de\/inhalt\/#website","url":"https:\/\/dr-smith.de\/inhalt\/","name":"Hautarztpraxis Dr. Smith aus Schwabing\/M\u00fcnchen","description":"Ihr Hautarzt f\u00fcr Dermatologie, Venerologie, Allergologie, Lasermedizin &amp; \u00c4sthetische Therapien","publisher":{"@id":"https:\/\/dr-smith.de\/inhalt\/#organization"},"potentialAction":[{"@type":"SearchAction","target":{"@type":"EntryPoint","urlTemplate":"https:\/\/dr-smith.de\/inhalt\/?s={search_term_string}"},"query-input":{"@type":"PropertyValueSpecification","valueRequired":true,"valueName":"search_term_string"}}],"inLanguage":"de"},{"@type":"Organization","@id":"https:\/\/dr-smith.de\/inhalt\/#organization","name":"Haut\u00e4rztin Dr. Smith M\u00fcnchen","url":"https:\/\/dr-smith.de\/inhalt\/","logo":{"@type":"ImageObject","inLanguage":"de","@id":"https:\/\/dr-smith.de\/inhalt\/#\/schema\/logo\/image\/","url":"https:\/\/dr-smith.de\/inhalt\/wp-content\/uploads\/2016\/07\/Logo-Dr-Smith.gif","contentUrl":"https:\/\/dr-smith.de\/inhalt\/wp-content\/uploads\/2016\/07\/Logo-Dr-Smith.gif","width":283,"height":80,"caption":"Haut\u00e4rztin Dr. Smith M\u00fcnchen"},"image":{"@id":"https:\/\/dr-smith.de\/inhalt\/#\/schema\/logo\/image\/"}}]}},"_links":{"self":[{"href":"https:\/\/dr-smith.de\/inhalt\/wp-json\/wp\/v2\/pages\/96","targetHints":{"allow":["GET"]}}],"collection":[{"href":"https:\/\/dr-smith.de\/inhalt\/wp-json\/wp\/v2\/pages"}],"about":[{"href":"https:\/\/dr-smith.de\/inhalt\/wp-json\/wp\/v2\/types\/page"}],"author":[{"embeddable":true,"href":"https:\/\/dr-smith.de\/inhalt\/wp-json\/wp\/v2\/users\/1"}],"replies":[{"embeddable":true,"href":"https:\/\/dr-smith.de\/inhalt\/wp-json\/wp\/v2\/comments?post=96"}],"version-history":[{"count":27,"href":"https:\/\/dr-smith.de\/inhalt\/wp-json\/wp\/v2\/pages\/96\/revisions"}],"predecessor-version":[{"id":4011,"href":"https:\/\/dr-smith.de\/inhalt\/wp-json\/wp\/v2\/pages\/96\/revisions\/4011"}],"wp:attachment":[{"href":"https:\/\/dr-smith.de\/inhalt\/wp-json\/wp\/v2\/media?parent=96"}],"curies":[{"name":"wp","href":"https:\/\/api.w.org\/{rel}","templated":true}]}}